{"id":28,"date":"2017-11-23T16:17:47","date_gmt":"2017-11-23T16:17:47","guid":{"rendered":"http:\/\/feysolnature.com\/?page_id=28"},"modified":"2021-01-22T10:51:19","modified_gmt":"2021-01-22T08:51:19","slug":"calidad","status":"publish","type":"page","link":"https:\/\/feysolnature.com\/ja\/calidad\/","title":{"rendered":"\u53b3\u683c\u306a\u54c1\u8cea\u7ba1\u7406"},"content":{"rendered":"[vc_row][vc_column][\/vc_column][\/vc_row][vc_row][vc_column width=&#8221;1\/3&#8243;][vc_custom_heading text=&#8221;POL\u00cdTICA DE CALIDAD&#8221; font_container=&#8221;tag:h2|font_size:24px|text_align:left|color:%23000000&#8243; google_fonts=&#8221;font_family:Lato%3A100%2C100italic%2C300%2C300italic%2Cregular%2Citalic%2C700%2C700italic%2C900%2C900italic|font_style:700%20bold%20regular%3A700%3Anormal&#8221;][vc_empty_space][vc_column_text]\n<p align=\"JUSTIFY\"><span style=\"font-family: Arial, serif;\">En FEYSOL NATURE estamos comprometidos con la completa satisfacci\u00f3n de nuestros clientes, mediante la excelencia en servicio y seguridad alimentaria de los productos. Entendida como excelencia desde la calidad t\u00e9cnica de nuestros productos hasta que los mismos llegan a su destino. Este compromiso nos conduce a la m\u00e1xima confianza con nuestros clientes, cumpliendo los compromisos adquiridos, y capacidad de adaptaci\u00f3n, as\u00ed como flexibilidad a las necesidades particulares de cada uno.<\/span><\/p>\n<p align=\"JUSTIFY\"><span style=\"font-family: Arial, serif;\">En definitiva, una pol\u00edtica que fomenta valores tales como la confianza, lealtad y honestidad, que asegura el \u00e9xito corporativo.<\/span><\/p>\n<p align=\"JUSTIFY\"><span style=\"font-family: Arial, serif;\">Cabe destacar nuestra defensa y respeto del Medio Ambiente, haciendo especial hincapi\u00e9 en la gesti\u00f3n sostenible de los recursos medioambientales.<\/span><\/p>\n[\/vc_column_text][\/vc_column][vc_column width=&#8221;2\/3&#8243;][vc_single_image][\/vc_column][\/vc_row][\/vc_column_text][\/vc_column][\/vc_row][vc_row][vc_column][\/vc_column][\/vc_row][vc_row][vc_column width=&#8221;1\/3&#8243;][vc_custom_heading text=&#8221;POL\u00cdTICA DE CALIDAD&#8221; font_container=&#8221;tag:h2|font_size:24px|text_align:left|color:%23000000&#8243; google_fonts=&#8221;font_family:Lato%3A100%2C100italic%2C300%2C300italic%2Cregular%2Citalic%2C700%2C700italic%2C900%2C900italic|font_style:700%20bold%20regular%3A700%3Anormal&#8221;][vc_empty_space][vc_column_text]\n<p align=\"JUSTIFY\"><span style=\"font-family: Arial, serif;\">En FEYSOL NATURE estamos comprometidos con la completa satisfacci\u00f3n de nuestros clientes, mediante la excelencia en servicio y seguridad alimentaria de los productos. Entendida como excelencia desde la calidad t\u00e9cnica de nuestros productos hasta que los mismos llegan a su destino. Este compromiso nos conduce a la m\u00e1xima confianza con nuestros clientes, cumpliendo los compromisos adquiridos, y capacidad de adaptaci\u00f3n, as\u00ed como flexibilidad a las necesidades particulares de cada uno.<\/span><\/p>\n<p align=\"JUSTIFY\"><span style=\"font-family: Arial, serif;\">En definitiva, una pol\u00edtica que fomenta valores tales como la confianza, lealtad y honestidad, que asegura el \u00e9xito corporativo.<\/span><\/p>\n<p align=\"JUSTIFY\"><span style=\"font-family: Arial, serif;\">Cabe destacar nuestra defensa y respeto del Medio Ambiente, haciendo especial hincapi\u00e9 en la gesti\u00f3n sostenible de los recursos medioambientales.<\/span><\/p>\n[\/vc_column_text][\/vc_column][vc_column width=&#8221;2\/3&#8243;][vc_single_image][\/vc_column][\/vc_row][vc_row][vc_column][vc_column_text][\/vc_column_text][\/vc_column][\/vc_row][vc_row][vc_column][\/vc_column][\/vc_row][vc_row][vc_column width=&#8221;1\/3&#8243;][vc_custom_heading text=&#8221;POL\u00cdTICA DE CALIDAD&#8221; font_container=&#8221;tag:h2|font_size:24px|text_align:left|color:%23000000&#8243; google_fonts=&#8221;font_family:Lato%3A100%2C100italic%2C300%2C300italic%2Cregular%2Citalic%2C700%2C700italic%2C900%2C900italic|font_style:700%20bold%20regular%3A700%3Anormal&#8221;][vc_empty_space][vc_column_text]\n<p align=\"JUSTIFY\"><span style=\"font-family: Arial, serif;\">En FEYSOL NATURE estamos comprometidos con la completa satisfacci\u00f3n de nuestros clientes, mediante la excelencia en servicio y seguridad alimentaria de los productos. Entendida como excelencia desde la calidad t\u00e9cnica de nuestros productos hasta que los mismos llegan a su destino. Este compromiso nos conduce a la m\u00e1xima confianza con nuestros clientes, cumpliendo los compromisos adquiridos, y capacidad de adaptaci\u00f3n, as\u00ed como flexibilidad a las necesidades particulares de cada uno.<\/span><\/p>\n<p align=\"JUSTIFY\"><span style=\"font-family: Arial, serif;\">En definitiva, una pol\u00edtica que fomenta valores tales como la confianza, lealtad y honestidad, que asegura el \u00e9xito corporativo.<\/span><\/p>\n<p align=\"JUSTIFY\"><span style=\"font-family: Arial, serif;\">Cabe destacar nuestra defensa y respeto del Medio Ambiente, haciendo especial hincapi\u00e9 en la gesti\u00f3n sostenible de los recursos medioambientales.<\/span><\/p>\n[\/vc_column_text][\/vc_column][vc_column width=&#8221;2\/3&#8243;][vc_single_image][\/vc_column][\/vc_row]","protected":false},"excerpt":{"rendered":"<p>[vc_row][vc_column][\/vc_column][\/vc_row]&hellip;<\/p>\n","protected":false},"author":2,"featured_media":0,"parent":0,"menu_order":4,"comment_status":"closed","ping_status":"closed","template":"","meta":{"footnotes":""},"class_list":["post-28","page","type-page","status-publish","hentry","entry","no-media"],"_links":{"self":[{"href":"https:\/\/feysolnature.com\/ja\/wp-json\/wp\/v2\/pages\/28","targetHints":{"allow":["GET"]}}],"collection":[{"href":"https:\/\/feysolnature.com\/ja\/wp-json\/wp\/v2\/pages"}],"about":[{"href":"https:\/\/feysolnature.com\/ja\/wp-json\/wp\/v2\/types\/page"}],"author":[{"embeddable":true,"href":"https:\/\/feysolnature.com\/ja\/wp-json\/wp\/v2\/users\/2"}],"replies":[{"embeddable":true,"href":"https:\/\/feysolnature.com\/ja\/wp-json\/wp\/v2\/comments?post=28"}],"version-history":[{"count":12,"href":"https:\/\/feysolnature.com\/ja\/wp-json\/wp\/v2\/pages\/28\/revisions"}],"predecessor-version":[{"id":1729,"href":"https:\/\/feysolnature.com\/ja\/wp-json\/wp\/v2\/pages\/28\/revisions\/1729"}],"wp:attachment":[{"href":"https:\/\/feysolnature.com\/ja\/wp-json\/wp\/v2\/media?parent=28"}],"curies":[{"name":"wp","href":"https:\/\/api.w.org\/{rel}","templated":true}]}}