{"id":99,"date":"2017-11-23T18:22:46","date_gmt":"2017-11-23T18:22:46","guid":{"rendered":"http:\/\/feysolnature.com\/?page_id=99"},"modified":"2019-07-05T12:04:42","modified_gmt":"2019-07-05T10:04:42","slug":"valores","status":"publish","type":"page","link":"https:\/\/feysolnature.com\/fr\/empresa\/valores\/","title":{"rendered":"VALEURS"},"content":{"rendered":"[vc_row][vc_column][\/vc_column][\/vc_row][vc_row][vc_column width=\u00a0\u00bb1\/3&Prime;][vc_custom_heading text=\u00a0\u00bbVALEURS\u00a0\u00bb font_container=\u00a0\u00bbtag:h2|font_size:24px|text_align:left|color:%23000000&Prime; google_fonts=\u00a0\u00bbfont_family:Lato%3A100%2C100italic%2C300%2C300italic%2Cregular%2Citalic%2C700%2C700italic%2C900%2C900italic|font_style:700%20bold%20regular%3A700%3Anormal\u00a0\u00bb][vc_empty_space][vc_column_text]Nos valeurs sont le guide de notre entreprise et son futur, chaque fois qu\u2019il existe un \u00e9quilibre entre travail, honn\u00eatet\u00e9, \u00e9quit\u00e9 et d\u00e9veloppement durable, les conditions seront r\u00e9unies pour avoir un environnement d\u2019entreprise positif b\u00e9n\u00e9fique \u00e0 tous.[\/vc_column_text][\/vc_column][vc_column width=\u00a0\u00bb2\/3&Prime;][vc_single_image image=\u00a0\u00bb780&Prime;][\/vc_column][\/vc_row]","protected":false},"excerpt":{"rendered":"<p>[vc_row][vc_column][\/vc_column][\/vc_row][vc_row][vc_column width=\u00a0\u00bb1\/3&Prime;][vc_custom_heading text=\u00a0\u00bbVALEURS\u00a0\u00bb font_container=\u00a0\u00bbtag:h2|font_size:24px|text_align:left|color:%23000000&Prime; google_fonts=\u00a0\u00bbfont_family:Lato%3A100%2C100italic%2C300%2C300italic%2Cregular%2Citalic%2C700%2C700italic%2C900%2C900italic|font_style:700%20bold%20regular%3A700%3Anormal\u00a0\u00bb][vc_empty_space][vc_column_text]Nos valeurs sont le guide de notre entreprise et son futur, chaque fois qu\u2019il existe un \u00e9quilibre entre travail, honn\u00eatet\u00e9, \u00e9quit\u00e9 et d\u00e9veloppement durable, les conditions seront r\u00e9unies pour avoir un environnement d\u2019entreprise positif b\u00e9n\u00e9fique \u00e0&hellip;<\/p>\n","protected":false},"author":2,"featured_media":0,"parent":24,"menu_order":3,"comment_status":"closed","ping_status":"closed","template":"","meta":{"footnotes":""},"class_list":["post-99","page","type-page","status-publish","hentry","entry","no-media"],"_links":{"self":[{"href":"https:\/\/feysolnature.com\/fr\/wp-json\/wp\/v2\/pages\/99","targetHints":{"allow":["GET"]}}],"collection":[{"href":"https:\/\/feysolnature.com\/fr\/wp-json\/wp\/v2\/pages"}],"about":[{"href":"https:\/\/feysolnature.com\/fr\/wp-json\/wp\/v2\/types\/page"}],"author":[{"embeddable":true,"href":"https:\/\/feysolnature.com\/fr\/wp-json\/wp\/v2\/users\/2"}],"replies":[{"embeddable":true,"href":"https:\/\/feysolnature.com\/fr\/wp-json\/wp\/v2\/comments?post=99"}],"version-history":[{"count":9,"href":"https:\/\/feysolnature.com\/fr\/wp-json\/wp\/v2\/pages\/99\/revisions"}],"predecessor-version":[{"id":1253,"href":"https:\/\/feysolnature.com\/fr\/wp-json\/wp\/v2\/pages\/99\/revisions\/1253"}],"up":[{"embeddable":true,"href":"https:\/\/feysolnature.com\/fr\/wp-json\/wp\/v2\/pages\/24"}],"wp:attachment":[{"href":"https:\/\/feysolnature.com\/fr\/wp-json\/wp\/v2\/media?parent=99"}],"curies":[{"name":"wp","href":"https:\/\/api.w.org\/{rel}","templated":true}]}}