{"id":75,"date":"2017-11-23T17:06:18","date_gmt":"2017-11-23T17:06:18","guid":{"rendered":"http:\/\/feysolnature.com\/?page_id=75"},"modified":"2018-04-19T12:34:27","modified_gmt":"2018-04-19T10:34:27","slug":"politica-de-cookies","status":"publish","type":"page","link":"https:\/\/feysolnature.com\/fr\/portada\/politica-de-cookies\/","title":{"rendered":"POLITIQUE DE COOKIES"},"content":{"rendered":"[vc_row][vc_column][\/vc_column][\/vc_row][vc_row][vc_column][vc_custom_heading text=\u00a0\u00bbPOLITIQUE DE COOKIES\u00a0\u00bb font_container=\u00a0\u00bbtag:h2|font_size:24px|text_align:left|color:%23000000&Prime; google_fonts=\u00a0\u00bbfont_family:Lato%3A100%2C100italic%2C300%2C300italic%2Cregular%2Citalic%2C700%2C700italic%2C900%2C900italic|font_style:700%20bold%20regular%3A700%3Anormal\u00a0\u00bb][vc_empty_space][vc_column_text]<strong>POLITIQUE DE COOKIES<\/strong><\/p>\n<p>Un cookie est un fichier qui est t\u00e9l\u00e9charg\u00e9 sur un dispositif \u00e9lectronique de l&rsquo;utilisateur lors de l&rsquo;acc\u00e8s \u00e0 certaines pages Web pour stocker et r\u00e9cup\u00e9rer des informations sur la navigation effectu\u00e9e \u00e0 partir dudit ordinateur.<\/p>\n<p>Les cookies peuvent \u00eatre de diff\u00e9rents types :<\/p>\n<p><strong>Cookies techniques<\/strong>: sont ceux qui permettent \u00e0 l&rsquo;utilisateur de naviguer \u00e0 travers une page Web et l&rsquo;utilisation des diff\u00e9rentes options ou services qui y existent, par exemple, contr\u00f4ler le trafic et la communication de donn\u00e9es, faire la demande d&rsquo;enregistrement ou la participation \u00e0 un \u00e9v\u00e9nement, utiliser des \u00e9l\u00e9ments de s\u00e9curit\u00e9 lors de la navigation, stocker des contenus pour la diffusion de vid\u00e9os ou de son ou partager du contenu \u00e0 travers les r\u00e9seaux sociaux.<\/p>\n<p><strong>Cookies de personnalisation<\/strong>: Ce sont ceux qui permettent \u00e0 l&rsquo;utilisateur d&rsquo;acc\u00e9der au service avec certaines caract\u00e9ristiques g\u00e9n\u00e9rales pr\u00e9d\u00e9finies bas\u00e9es sur une s\u00e9rie de crit\u00e8res dans le terminal de l&rsquo;utilisateur, tels que la langue, le type de navigateur \u00e0 travers lequel l&rsquo;utilisateur acc\u00e8de au service, la configuration r\u00e9gionale d&rsquo;o\u00f9 vous acc\u00e9dez au service, etc.<\/p>\n<p><strong>Cookies d&rsquo;analyse<\/strong>: Ce sont ceux qui permettent \u00e0 la personne responsable de surveiller et d&rsquo;analyser le comportement des utilisateurs des sites Web auxquels ils sont li\u00e9s. Les informations collect\u00e9es \u00e0 travers ce type de cookie sont utilis\u00e9es dans la mesure de l&rsquo;activit\u00e9 des sites Web, application ou plate-forme et pour la cr\u00e9ation de profils de navigation des utilisateurs desdits sites, applications et plateformes, afin d&rsquo;introduire des am\u00e9liorations bas\u00e9es sur l&rsquo;analyse des donn\u00e9es d&rsquo;utilisation faites par les utilisateurs du service.<\/p>\n<p>Plus pr\u00e9cis\u00e9ment, le site utilise :<\/p>\n<p><em>wordpress_test_cookie\u00a0<\/em>:<\/p>\n<ul>\n<li>Nom du cookie :\u00a0wordpress_test_cookie<\/li>\n<li>Origine : WordPress<\/li>\n<li>Type : cookie propre, technique et de session.<\/li>\n<li>Fonction : Ce cookie est utilis\u00e9 par le gestionnaire de contenu WordPress pour v\u00e9rifier si les cookies sont activ\u00e9s dans le navigateur.<\/li>\n<\/ul>\n<p>&nbsp;<\/p>\n<ul>\n<li><em>wordpress_logged_in_ [hash] :<\/em><\/li>\n<li>Nom du cookie :\u00a0wordpress_logged_in_ [hash]<\/li>\n<li>Origine : WordPress<\/li>\n<li>Type : propre, technique et cookie de session.<\/li>\n<li>Fonction : Apr\u00e8s connexion, WordPress active le cookie\u00a0wordpress_logged_in_ [hash], qui indique quand vous vous \u00eates connect\u00e9 et qui vous \u00eates, utilis\u00e9 pour l&rsquo;interface WordPress.<\/li>\n<\/ul>\n<p><em>wordpress_xxxx<\/em>:<\/p>\n<ul>\n<li>Nom du cookie :\u00a0wordpress_xxxx<\/li>\n<li>Origine : WordPress<\/li>\n<li>Type : propre, technique et cookie de session.<\/li>\n<li>Fonction : Apr\u00e8s connexion, WordPress active le cookie\u00a0wordpress, pour stocker vos informations d&rsquo;authentification et son utilisation est limit\u00e9e \u00e0 l&rsquo;administrateur<\/li>\n<\/ul>\n<p><em>Cookies de session &#8211; ces cookies permettent \u00e0 l&rsquo;op\u00e9rateur du site de lier les actions de l&rsquo;utilisateur pendant la session. Une session commence lorsqu&rsquo;un utilisateur ouvre la fen\u00eatre du navigateur et finit quand il la ferme. Les cookies de session sont temporaires. Une fois le navigateur ferm\u00e9, tous les cookies de session sont supprim\u00e9s.<\/em><\/p>\n<p><em>L&rsquo;utilisateur peut &#8211; \u00e0 tout moment &#8211; choisir les cookies qu&rsquo;il souhaite utiliser sur ce site Web en\u00a0<\/em>:<\/p>\n<p>les param\u00e8tres du navigateur; par exemple:<\/p>\n<ul>\n<li>Chrome, \u00e0 partir de\u00a0<a href=\"http:\/\/support.google.com\/chrome\/bin\/answer.py?hl=fr&amp;answer=95647\">http:\/\/support.google.com\/chrome\/bin\/answer.py?hl=fr&amp;answer=95647<\/a><\/li>\n<li>Explorer, \u00e0 partir de\u00a0<a href=\"https:\/\/support.microsoft.com\/fr-fr\/help\/17442\/windows-internet-explorer-delete-manage-cookies\">https:\/\/support.microsoft.com\/fr-fr\/help\/17442\/windows-internet-explorer-delete-manage-cookies<\/a><\/li>\n<li>Firefox, \u00e0 partir de\u00a0<a href=\"http:\/\/support.mozilla.org\/es\/kb\/habilitar-y-deshabilitar-cookies-que-los-sitios-we\">http:\/\/support.mozilla.org\/es\/kb\/habilitar-y-deshabilitar-cookies-que-los-sitios-we<\/a><\/li>\n<li>Safari, \u00e0 partir de\u00a0<a href=\"https:\/\/support.apple.com\/kb\/PH21411?viewlocale=en_US&amp;locale=en_US\">https:\/\/support.apple.com\/kb\/PH21411?viewlocale=en_US&amp;locale=en_US<\/a><\/li>\n<\/ul>\n<p>d&rsquo;autres outils tiers, disponibles en ligne, qui permettent aux utilisateurs de d\u00e9tecter les cookies sur chaque site Web qu&rsquo;ils visitent et de g\u00e9rer leur d\u00e9sactivation (par exemple,\u00a0Ghostery\u00a0:\u00a0<a href=\"https:\/\/www.ghostery.com\/about-ghostery\/ghosterys-website\">https:\/\/www.ghostery.com\/about-ghostery\/ghosterys-website<\/a>-privacy-policy\/,\u00a0<a href=\"https:\/\/www.ghostery.com\/faqs\/\">https:\/\/www.ghostery.com\/faqs\/<\/a>).<\/p>\n<p>De nombreux navigateurs permettent le contr\u00f4le de la plupart des cookies via leurs outils de configuration. Pour en savoir plus sur les cookies, y compris comment savoir quels cookies ont \u00e9t\u00e9 install\u00e9s et comment les contr\u00f4ler et les supprimer, visitez\u00a0<a href=\"http:\/\/www.allaboutcookies.org\/es\/\">http:\/\/www.allaboutcookies.org\/es\/<\/a><\/p>\n<p>FEYSOL n&rsquo;est pas responsable du contenu et de la v\u00e9racit\u00e9 des politiques de confidentialit\u00e9 des tiers inclus dans cette politique de cookies.<\/p>\n<p>Si vous avez des questions concernant cette politique de cookies, vous pouvez contacter FEYSOL\u00a0<a href=\"mailto:info@feysolnature.com\">info@feysolnature.com<\/a><\/p>\n[\/vc_column_text][\/vc_column][\/vc_row]","protected":false},"excerpt":{"rendered":"<p>[vc_row][vc_column][\/vc_column][\/vc_row][vc_row][vc_column][vc_custom_heading text=\u00a0\u00bbPOLITIQUE DE COOKIES\u00a0\u00bb font_container=\u00a0\u00bbtag:h2|font_size:24px|text_align:left|color:%23000000&Prime; google_fonts=\u00a0\u00bbfont_family:Lato%3A100%2C100italic%2C300%2C300italic%2Cregular%2Citalic%2C700%2C700italic%2C900%2C900italic|font_style:700%20bold%20regular%3A700%3Anormal\u00a0\u00bb][vc_empty_space][vc_column_text]POLITIQUE DE COOKIES Un cookie est un fichier qui est t\u00e9l\u00e9charg\u00e9 sur un dispositif \u00e9lectronique de l&rsquo;utilisateur lors de l&rsquo;acc\u00e8s \u00e0 certaines pages Web pour stocker et r\u00e9cup\u00e9rer des informations sur la navigation effectu\u00e9e \u00e0&hellip;<\/p>\n","protected":false},"author":2,"featured_media":0,"parent":22,"menu_order":2,"comment_status":"closed","ping_status":"closed","template":"","meta":{"footnotes":""},"class_list":["post-75","page","type-page","status-publish","hentry","entry","no-media"],"_links":{"self":[{"href":"https:\/\/feysolnature.com\/fr\/wp-json\/wp\/v2\/pages\/75","targetHints":{"allow":["GET"]}}],"collection":[{"href":"https:\/\/feysolnature.com\/fr\/wp-json\/wp\/v2\/pages"}],"about":[{"href":"https:\/\/feysolnature.com\/fr\/wp-json\/wp\/v2\/types\/page"}],"author":[{"embeddable":true,"href":"https:\/\/feysolnature.com\/fr\/wp-json\/wp\/v2\/users\/2"}],"replies":[{"embeddable":true,"href":"https:\/\/feysolnature.com\/fr\/wp-json\/wp\/v2\/comments?post=75"}],"version-history":[{"count":13,"href":"https:\/\/feysolnature.com\/fr\/wp-json\/wp\/v2\/pages\/75\/revisions"}],"predecessor-version":[{"id":1372,"href":"https:\/\/feysolnature.com\/fr\/wp-json\/wp\/v2\/pages\/75\/revisions\/1372"}],"up":[{"embeddable":true,"href":"https:\/\/feysolnature.com\/fr\/wp-json\/wp\/v2\/pages\/22"}],"wp:attachment":[{"href":"https:\/\/feysolnature.com\/fr\/wp-json\/wp\/v2\/media?parent=75"}],"curies":[{"name":"wp","href":"https:\/\/api.w.org\/{rel}","templated":true}]}}