{"id":73,"date":"2017-11-23T17:06:05","date_gmt":"2017-11-23T17:06:05","guid":{"rendered":"http:\/\/feysolnature.com\/?page_id=73"},"modified":"2018-04-23T21:04:04","modified_gmt":"2018-04-23T19:04:04","slug":"aviso-legal","status":"publish","type":"page","link":"https:\/\/feysolnature.com\/fr\/portada\/aviso-legal\/","title":{"rendered":"AVIS JURIDIQUE"},"content":{"rendered":"[vc_row][vc_column][\/vc_column][\/vc_row][vc_row][vc_column][vc_custom_heading text=\u00a0\u00bbAVIS JURIDIQUE\u00a0\u00bb font_container=\u00a0\u00bbtag:h2|font_size:24px|text_align:left|color:%23000000&Prime; google_fonts=\u00a0\u00bbfont_family:Lato%3A100%2C100italic%2C300%2C300italic%2Cregular%2Citalic%2C700%2C700italic%2C900%2C900italic|font_style:700%20bold%20regular%3A700%3Anormal\u00a0\u00bb][vc_empty_space][vc_column_text]Bienvenue \u00e0 www.feysolnature.com (le \u201cSite\u201d).<\/p>\n<p>&nbsp;<\/p>\n<p>Le Site est d\u00e9tenu et exploit\u00e9 par FEYSOL NATURE, S.L. (B18718411), soci\u00e9t\u00e9 espagnole, domicili\u00e9e dans le P.I. Parque Metropolitano, C\/ Rubiales n\u00ba 7 y 9, Escuzar (18130-Granada) inscrit dans le Registro Mercantil de Granada en el Tomo 1133, Folio 201 H &#8211; GR 26232 Inscripci\u00f3n 1\u00ba, en avant \u201cFEYSOL\u201d.<\/p>\n<ol>\n<li><strong>ACCEPTATION DES TERMES<\/strong><\/li>\n<li style=\"list-style-type: none;\">L&rsquo;utilisation et l&rsquo;acc\u00e8s au site sont soumis \u00e0 cette notice l\u00e9gale, qui peut \u00eatre mise \u00e0 jour \u00e0 tout moment par FEYSOL, sans avoir besoin d&rsquo;une notification pr\u00e9alable. Vous pouvez consulter la version la plus r\u00e9cente de l&rsquo;avis juridique \u00e0 tout moment en acc\u00e9dant \u00e0 [<a href=\"http:\/\/feysolnature.com\/portada\/aviso-legal\/\">http:\/\/feysolnature.com\/portada\/aviso-legal\/<\/a>].L&rsquo;utilisation et l&rsquo;acc\u00e8s au Site par l&rsquo;utilisateur implique que vous avez lu, compris et accept\u00e9 cet Acc\u00e8s L\u00e9gal. L&rsquo;utilisation continue du Site apr\u00e8s toute modification ou mise \u00e0 jour du pr\u00e9sent avis l\u00e9gal constitue une acceptation du nouvel avis juridique. Si vous \u00eates en d\u00e9saccord avec le contenu de cet avis juridique ou de toute mise \u00e0 jour ult\u00e9rieure, ne pas acc\u00e9der ou utiliser le Site (ou continuer \u00e0 ne pas acc\u00e9der ou utiliser le site). Il est de votre responsabilit\u00e9 de v\u00e9rifier r\u00e9guli\u00e8rement le Site afin de d\u00e9terminer s&rsquo;il y a eu des changements dans l&rsquo;Avis L\u00e9gal et de v\u00e9rifier ces mises \u00e0 jour.Vous accepte express\u00e9ment d&rsquo;utiliser le site de fa\u00e7on diligente, correcte et r\u00e9guli\u00e8re, et ne pas violer la loi applicable (local, r\u00e9gional, national ou international), secrets ou autres droits de propri\u00e9t\u00e9 intellectuelle.<\/li>\n<\/ol>\n<p>&nbsp;<\/p>\n<ol start=\"2\">\n<li><strong>PROTECTION DES DONN\u00c9ES<\/strong><\/li>\n<\/ol>\n<p>FEYSOL peut collecter des donn\u00e9es personnelles aupr\u00e8s de vous via des formulaires sur son Site. Ladite collecte de donn\u00e9es sera effectu\u00e9e en fonction des informations incluses dans ledit formulaire.<\/p>\n<p>FEYSOL traitera ces donn\u00e9es conform\u00e9ment aux objectifs et dans les conditions indiqu\u00e9es dans chaque cas. En remplissant et en soumettant tout sur le formulaire du Site, l&rsquo;utilisateur accepte et autorise express\u00e9ment FEYSOL recueillir, ou remettre, le cas \u00e9ch\u00e9ant, les donn\u00e9es personnelles requises conform\u00e9ment aux buts et dans les conditions dans chaque cas, ils sont expos\u00e9s.<\/p>\n<p>FEYSOL a adopt\u00e9 et adoptera toutes les mesures de s\u00e9curit\u00e9 techniques et organisationnelles, afin de garantir la s\u00e9curit\u00e9 maximale et la confidentialit\u00e9 des communications. FEYSOL s&rsquo;engage \u00e0 respecter le devoir de secret et de confidentialit\u00e9 \u00e0 l&rsquo;\u00e9gard des donn\u00e9es personnelles collect\u00e9es, conform\u00e9ment \u00e0 la l\u00e9gislation applicable.<\/p>\n<p>Nonobstant ce qui pr\u00e9c\u00e8de, vous reconnaissez et acceptez que (i) les mesures de s\u00e9curit\u00e9 dans Internet ne sont pas infaillibles, (ii) les r\u00e9seaux Internet ne sont pas s\u00e9curis\u00e9s et (iii) toute communication envoy\u00e9e par ce moyen peut \u00eatre intercept\u00e9es ou modifi\u00e9es par des personnes non autoris\u00e9es.<\/p>\n<p>L&rsquo;Utilisateur peut exercer les droits d&rsquo;acc\u00e8s, d&rsquo;annulation d&rsquo;opposition et, le cas \u00e9ch\u00e9ant, de limitation de traitement en adressant la communication \u00e0\u00a0\u00ab\u00a0Protection des Donn\u00e9es\u00a0\u00bb, \u00e0 l&rsquo;adresse figurant dans l&rsquo;Avis L\u00e9gal, ou \u00e0 l&rsquo;adresse e-mail\u00a0<a href=\"mailto:info@feysolnature.com\">info@feysolnature.com<\/a>, conform\u00e9ment aux dispositions de la l\u00e9gislation en vigueur.<\/p>\n<p>&nbsp;<\/p>\n<ol start=\"3\">\n<li><strong>DROITS ET INFORMATIONS CONFIDENTIELLES<\/strong><\/li>\n<\/ol>\n<p>Vous reconnaissez et acceptez que le Site contient des droits et des informations confidentielles prot\u00e9g\u00e9s par la l\u00e9gislation applicable en mati\u00e8re de droits de propri\u00e9t\u00e9 industrielle et intellectuelle. Vous reconnaissez et acceptez que toute information, donn\u00e9e, texte, logiciel, musique, son, photographie, graphique, vid\u00e9o, message, \u00e9tiquette ou tout autre mat\u00e9riel (\u00ab Contenu \u00bb) disponible sur le Site ou aupr\u00e8s des annonceurs est prot\u00e9g\u00e9 par la l\u00e9gislation applicable en mati\u00e8re de droits de la propri\u00e9t\u00e9 industrielle et intellectuelle, ainsi que par toute autre l\u00e9gislation qui leur \u00e9tait applicable.<\/p>\n<p>Sauf autorisation expresse de FEYSOL ou des annonceurs, l&rsquo;Utilisateur ne peut pas modifier, louer, pr\u00eater, vendre, distribuer ou cr\u00e9er des \u0153uvres d\u00e9riv\u00e9es bas\u00e9es sur le Site ou sur le Contenu du Site, en tout ou en partie. En outre, l&rsquo;Utilisateur reconna\u00eet que pour utiliser le Contenu d&rsquo;un tiers, il se peut qu&rsquo;il doive accepter des termes et conditions suppl\u00e9mentaires au pr\u00e9sent Avis juridique.<\/p>\n<p>FEYSOL respecte les droits de propri\u00e9t\u00e9 intellectuelle et industrielle des tiers et demande \u00e0 ses utilisateurs de faire de m\u00eame.<\/p>\n<p>&nbsp;<\/p>\n<ol start=\"4\">\n<li><strong>CONTENUS DES TIERCES PARTIES ET LIENS VERS DES SITES WEB TIERS<\/strong><\/li>\n<\/ol>\n<p>Le Site peut contenir du contenu de tiers et des liens vers d&rsquo;autres sites Web (\u00ab Sites li\u00e9s \u00bb). Le Site ne cautionne pas, ne fait aucune publicit\u00e9, ne recommande pas et n&rsquo;assume aucune responsabilit\u00e9 pour les Sites li\u00e9s. De plus, les Sites Li\u00e9s ne sont pas sous le contr\u00f4le de FEYSOL, donc FEYSOL n&rsquo;est pas et ne sera pas responsable du contenu ou des pratiques en termes de protection des donn\u00e9es des Sites Li\u00e9s, y compris, sans limitation, les liens contenus dans les Sites Li\u00e9s. Modifications et mises \u00e0 jour des sites li\u00e9s. FEYSOL met le contenu des sites tiers et des sites li\u00e9s \u00e0 la disposition des utilisateurs uniquement et exclusivement en tant qu&rsquo;installation et son inclusion n&rsquo;implique aucune sorte de promotion par FEYSOL en faveur de tiers.<\/p>\n<p>Le mat\u00e9riel disponible sur ou via d&rsquo;autres sites peut \u00eatre prot\u00e9g\u00e9 par la l\u00e9gislation sur les droits de propri\u00e9t\u00e9 industrielle et intellectuelle de tout pays. Ce mat\u00e9riel sera soumis \u00e0 ses conditions g\u00e9n\u00e9rales et non \u00e0 celles du Site.<\/p>\n<p>&nbsp;<\/p>\n<ol start=\"5\">\n<li><strong>LIENS D&rsquo;AUTRES SITES WEB<\/strong><\/li>\n<\/ol>\n<p>Tout lien vers le Site doit \u00eatre effectu\u00e9 sur la page d&rsquo;accueil\u00a0<a href=\"https:\/\/euc-word-edit.officeapps.live.com\/we\/www.feysolnature.com\">www.feysolnature.com<\/a>, les liens profonds sont absolument interdits par FEYSOL.<\/p>\n<p>&nbsp;<\/p>\n<ol start=\"6\">\n<li><strong>EXON\u00c9RATION DE GARANTIES ET LIMITATION DE RESPONSABILIT\u00c9<\/strong><\/li>\n<\/ol>\n<p>FEYSOL n&rsquo;accorde aucune garantie de quelque nature que ce soit, expresse ou implicite, y compris, mais sans s&rsquo;y limiter, les garanties li\u00e9es aux attentes de l&rsquo;entreprise, les aptitudes pour un but sp\u00e9cifique et la non-contrefa\u00e7on.<\/p>\n<p>FEYSOL n&rsquo;assume aucune responsabilit\u00e9 pour tout dommage pouvant survenir \u00e0 l&rsquo;utilisateur en raison de l&rsquo;utilisation ou de l&rsquo;acc\u00e8s au Site ou aux informations contenues sur le Site. FEYSOL n&rsquo;est pas responsable des \u00e9ventuelles erreurs de s\u00e9curit\u00e9 pouvant survenir ou de tout dommage qui pourrait \u00eatre caus\u00e9 \u00e0 votre syst\u00e8me informatique (mat\u00e9riel et logiciel), aux fichiers ou aux documents qui y sont stock\u00e9s, en raison de la pr\u00e9sence de virus sur l&rsquo;ordinateur de l&rsquo;utilisateur utilis\u00e9 pour la connexion au Site et son contenu, d&rsquo;un dysfonctionnement du navigateur ou de l&rsquo;utilisation de versions non mises \u00e0 jour de celui-ci.<\/p>\n<p>&nbsp;<\/p>\n<ol start=\"7\">\n<li><strong>INDEMNIT\u00c9<\/strong><\/li>\n<\/ol>\n<p>Vous acceptez d&rsquo;indemniser FEYSOL et ses filiales, soci\u00e9t\u00e9s affili\u00e9es, agents, directeurs, collaborateurs ou partenaires et employ\u00e9s, contre toute r\u00e9clamation ou demande, y compris les frais d&rsquo;avocats raisonnables, d\u00e9pos\u00e9e par un tiers en fonction de l&rsquo;utilisation du Site, de votre connexion au Site, de votre violation des Mentions L\u00e9gales ou de votre violation des droits de tiers.<\/p>\n<p>&nbsp;<\/p>\n<ol start=\"8\">\n<li><strong>L\u00c9GISLATION APPLICABLE ET JURIDICTION<\/strong><\/li>\n<\/ol>\n<p>Le pr\u00e9sent avis juridique, ainsi que la relation entre l&rsquo;utilisateur et FEYSOL est r\u00e9gie par la loi espagnole. L&rsquo;Utilisateur et FEYSOL acceptent express\u00e9ment de se soumettre aux cours et tribunaux de la ville de Grenade (Espagne) en renon\u00e7ant express\u00e9ment \u00e0 toute autre juridiction qui pourrait s&rsquo;appliquer.<\/p>\n<p>&nbsp;<\/p>\n<ol start=\"9\">\n<li><strong> CONTACT<\/strong><\/li>\n<\/ol>\n<p>S&rsquo;il vous pla\u00eet, pour toute question ou pour notifier toute violation de cet avis juridique, vous pouvez contacter FEYSOL \u00e0 l&rsquo;adresse email\u00a0<a href=\"mailto:info@feysolnature.com\">info@feysolnature.com<\/a>[\/vc_column_text][\/vc_column][\/vc_row]","protected":false},"excerpt":{"rendered":"<p>[vc_row][vc_column][\/vc_column][\/vc_row][vc_row][vc_column][vc_custom_heading text=\u00a0\u00bbAVIS JURIDIQUE\u00a0\u00bb font_container=\u00a0\u00bbtag:h2|font_size:24px|text_align:left|color:%23000000&Prime; google_fonts=\u00a0\u00bbfont_family:Lato%3A100%2C100italic%2C300%2C300italic%2Cregular%2Citalic%2C700%2C700italic%2C900%2C900italic|font_style:700%20bold%20regular%3A700%3Anormal\u00a0\u00bb][vc_empty_space][vc_column_text]Bienvenue \u00e0 www.feysolnature.com (le \u201cSite\u201d). &nbsp; Le Site est d\u00e9tenu et exploit\u00e9 par FEYSOL NATURE, S.L. (B18718411), soci\u00e9t\u00e9 espagnole, domicili\u00e9e dans le P.I. Parque Metropolitano, C\/ Rubiales n\u00ba 7 y 9, Escuzar (18130-Granada) inscrit dans le&hellip;<\/p>\n","protected":false},"author":2,"featured_media":0,"parent":22,"menu_order":1,"comment_status":"closed","ping_status":"closed","template":"","meta":{"footnotes":""},"class_list":["post-73","page","type-page","status-publish","hentry","entry","no-media"],"_links":{"self":[{"href":"https:\/\/feysolnature.com\/fr\/wp-json\/wp\/v2\/pages\/73","targetHints":{"allow":["GET"]}}],"collection":[{"href":"https:\/\/feysolnature.com\/fr\/wp-json\/wp\/v2\/pages"}],"about":[{"href":"https:\/\/feysolnature.com\/fr\/wp-json\/wp\/v2\/types\/page"}],"author":[{"embeddable":true,"href":"https:\/\/feysolnature.com\/fr\/wp-json\/wp\/v2\/users\/2"}],"replies":[{"embeddable":true,"href":"https:\/\/feysolnature.com\/fr\/wp-json\/wp\/v2\/comments?post=73"}],"version-history":[{"count":18,"href":"https:\/\/feysolnature.com\/fr\/wp-json\/wp\/v2\/pages\/73\/revisions"}],"predecessor-version":[{"id":1381,"href":"https:\/\/feysolnature.com\/fr\/wp-json\/wp\/v2\/pages\/73\/revisions\/1381"}],"up":[{"embeddable":true,"href":"https:\/\/feysolnature.com\/fr\/wp-json\/wp\/v2\/pages\/22"}],"wp:attachment":[{"href":"https:\/\/feysolnature.com\/fr\/wp-json\/wp\/v2\/media?parent=73"}],"curies":[{"name":"wp","href":"https:\/\/api.w.org\/{rel}","templated":true}]}}