{"id":446,"date":"2017-12-07T13:19:37","date_gmt":"2017-12-07T13:19:37","guid":{"rendered":"http:\/\/feysolnature.com\/?page_id=446"},"modified":"2019-07-05T11:11:26","modified_gmt":"2019-07-05T09:11:26","slug":"historia-familiar","status":"publish","type":"page","link":"https:\/\/feysolnature.com\/fr\/empresa\/historia-familiar\/","title":{"rendered":"HISTOIRE DE FAMILLE"},"content":{"rendered":"[vc_row][vc_column][\/vc_column][\/vc_row][vc_row][vc_column width=\u00a0\u00bb1\/3&Prime;][vc_custom_heading text=\u00a0\u00bbHISTOIRE DE FAMILLE\u00a0\u00bb font_container=\u00a0\u00bbtag:h2|font_size:24px|text_align:left|color:%23000000&Prime; google_fonts=\u00a0\u00bbfont_family:Lato%3A100%2C100italic%2C300%2C300italic%2Cregular%2Citalic%2C700%2C700italic%2C900%2C900italic|font_style:700%20bold%20regular%3A700%3Anormal\u00a0\u00bb][vc_empty_space][vc_column_text]FEYSOL NATURE est une entreprise de  famille avec une grande tradition d\u2019apiculture de 3 g\u00e9n\u00e9rations depuis 1944, se transmettant exp\u00e9rience et savoir faire de p\u00e8re en fils, pour la transformer en produits satisfaisant les besoins de nos clients. Par notre travail et l\u2019usage des meilleures techniques, nous pouvons apporter les meilleurs miels provenant des zones les plus pures et naturelles d\u2019Espagne.[\/vc_column_text][\/vc_column][vc_column width=\u00a0\u00bb2\/3&Prime;][vc_single_image image=\u00a0\u00bb776&Prime;][\/vc_column][\/vc_row]","protected":false},"excerpt":{"rendered":"<p>[vc_row][vc_column][\/vc_column][\/vc_row][vc_row][vc_column width=\u00a0\u00bb1\/3&Prime;][vc_custom_heading text=\u00a0\u00bbHISTOIRE DE FAMILLE\u00a0\u00bb font_container=\u00a0\u00bbtag:h2|font_size:24px|text_align:left|color:%23000000&Prime; google_fonts=\u00a0\u00bbfont_family:Lato%3A100%2C100italic%2C300%2C300italic%2Cregular%2Citalic%2C700%2C700italic%2C900%2C900italic|font_style:700%20bold%20regular%3A700%3Anormal\u00a0\u00bb][vc_empty_space][vc_column_text]FEYSOL NATURE est une entreprise de famille avec une grande tradition d\u2019apiculture de 3 g\u00e9n\u00e9rations depuis 1944, se transmettant exp\u00e9rience et savoir faire de p\u00e8re en fils, pour la transformer en produits satisfaisant les&hellip;<\/p>\n","protected":false},"author":2,"featured_media":0,"parent":24,"menu_order":0,"comment_status":"closed","ping_status":"closed","template":"","meta":{"footnotes":""},"class_list":["post-446","page","type-page","status-publish","hentry","entry","no-media"],"_links":{"self":[{"href":"https:\/\/feysolnature.com\/fr\/wp-json\/wp\/v2\/pages\/446","targetHints":{"allow":["GET"]}}],"collection":[{"href":"https:\/\/feysolnature.com\/fr\/wp-json\/wp\/v2\/pages"}],"about":[{"href":"https:\/\/feysolnature.com\/fr\/wp-json\/wp\/v2\/types\/page"}],"author":[{"embeddable":true,"href":"https:\/\/feysolnature.com\/fr\/wp-json\/wp\/v2\/users\/2"}],"replies":[{"embeddable":true,"href":"https:\/\/feysolnature.com\/fr\/wp-json\/wp\/v2\/comments?post=446"}],"version-history":[{"count":12,"href":"https:\/\/feysolnature.com\/fr\/wp-json\/wp\/v2\/pages\/446\/revisions"}],"predecessor-version":[{"id":1257,"href":"https:\/\/feysolnature.com\/fr\/wp-json\/wp\/v2\/pages\/446\/revisions\/1257"}],"up":[{"embeddable":true,"href":"https:\/\/feysolnature.com\/fr\/wp-json\/wp\/v2\/pages\/24"}],"wp:attachment":[{"href":"https:\/\/feysolnature.com\/fr\/wp-json\/wp\/v2\/media?parent=446"}],"curies":[{"name":"wp","href":"https:\/\/api.w.org\/{rel}","templated":true}]}}