{"id":444,"date":"2017-12-07T13:19:10","date_gmt":"2017-12-07T13:19:10","guid":{"rendered":"http:\/\/feysolnature.com\/?page_id=444"},"modified":"2018-04-23T21:28:28","modified_gmt":"2018-04-23T19:28:28","slug":"otros-productos","status":"publish","type":"page","link":"https:\/\/feysolnature.com\/fr\/otros-productos\/","title":{"rendered":"AUTRES PRODUITS"},"content":{"rendered":"[vc_row][vc_column][\/vc_column][\/vc_row][vc_row][vc_column width=\u00a0\u00bb1\/3&Prime;][vc_custom_heading text=\u00a0\u00bbOTROS PRODUCTOS\u00a0\u00bb font_container=\u00a0\u00bbtag:h2|font_size:24px|text_align:left|color:%23000000&Prime; google_fonts=\u00a0\u00bbfont_family:Lato%3A100%2C100italic%2C300%2C300italic%2Cregular%2Citalic%2C700%2C700italic%2C900%2C900italic|font_style:700%20bold%20regular%3A700%3Anormal\u00a0\u00bb][vc_empty_space][vc_column_text]\n<p>Dans FEYSOL NATURE, le miel nous \u00e9meut, c&rsquo;est notre illusion. Mais dans le souci de rendre service \u00e0 nos clients, nous \u00e9tendons nos produits, toujours du point de vue de la sant\u00e9 et du respect de l&rsquo;environnement. Sirop d\u2019Agave ? C&rsquo;est un \u00e9dulcorant obtenu \u00e0 partir de plantes du genre Agave, il est beaucoup mieux tol\u00e9r\u00e9 par les diab\u00e9tiques car il contient un index glyc\u00e9mique plus faible que le sucre, donc il n&rsquo;\u00e9l\u00e8ve pas l&rsquo;insuline sanguine en cr\u00e9ant moins de pics de glucose.<\/p>\n[\/vc_column_text][\/vc_column][vc_column width=\u00a0\u00bb2\/3&Prime;][vc_single_image image=\u00a0\u00bb799&Prime;][\/vc_column][\/vc_row][vc_row][vc_column][\/vc_column][\/vc_row]","protected":false},"excerpt":{"rendered":"<p>[vc_row][vc_column][\/vc_column][\/vc_row][vc_row][vc_column width=\u00a0\u00bb1\/3&Prime;][vc_custom_heading text=\u00a0\u00bbOTROS PRODUCTOS\u00a0\u00bb font_container=\u00a0\u00bbtag:h2|font_size:24px|text_align:left|color:%23000000&Prime; google_fonts=\u00a0\u00bbfont_family:Lato%3A100%2C100italic%2C300%2C300italic%2Cregular%2Citalic%2C700%2C700italic%2C900%2C900italic|font_style:700%20bold%20regular%3A700%3Anormal\u00a0\u00bb][vc_empty_space][vc_column_text] Dans FEYSOL NATURE, le miel nous \u00e9meut, c&rsquo;est notre illusion. Mais dans le souci de rendre service \u00e0 nos clients, nous \u00e9tendons nos produits, toujours du point de vue de la sant\u00e9 et du&hellip;<\/p>\n","protected":false},"author":2,"featured_media":0,"parent":0,"menu_order":4,"comment_status":"closed","ping_status":"closed","template":"","meta":{"footnotes":""},"class_list":["post-444","page","type-page","status-publish","hentry","entry","no-media"],"_links":{"self":[{"href":"https:\/\/feysolnature.com\/fr\/wp-json\/wp\/v2\/pages\/444","targetHints":{"allow":["GET"]}}],"collection":[{"href":"https:\/\/feysolnature.com\/fr\/wp-json\/wp\/v2\/pages"}],"about":[{"href":"https:\/\/feysolnature.com\/fr\/wp-json\/wp\/v2\/types\/page"}],"author":[{"embeddable":true,"href":"https:\/\/feysolnature.com\/fr\/wp-json\/wp\/v2\/users\/2"}],"replies":[{"embeddable":true,"href":"https:\/\/feysolnature.com\/fr\/wp-json\/wp\/v2\/comments?post=444"}],"version-history":[{"count":18,"href":"https:\/\/feysolnature.com\/fr\/wp-json\/wp\/v2\/pages\/444\/revisions"}],"predecessor-version":[{"id":1383,"href":"https:\/\/feysolnature.com\/fr\/wp-json\/wp\/v2\/pages\/444\/revisions\/1383"}],"wp:attachment":[{"href":"https:\/\/feysolnature.com\/fr\/wp-json\/wp\/v2\/media?parent=444"}],"curies":[{"name":"wp","href":"https:\/\/api.w.org\/{rel}","templated":true}]}}