{"id":32,"date":"2017-11-23T16:18:15","date_gmt":"2017-11-23T16:18:15","guid":{"rendered":"http:\/\/feysolnature.com\/?page_id=32"},"modified":"2021-01-22T11:50:05","modified_gmt":"2021-01-22T09:50:05","slug":"contacto","status":"publish","type":"page","link":"https:\/\/feysolnature.com\/fr\/contacto\/","title":{"rendered":"CONTACT"},"content":{"rendered":"[\/vc_column_text][\/vc_column][\/vc_row][vc_row][vc_column][\/vc_column][\/vc_row][vc_row visibility=\u00a0\u00bbvisible-desktop\u00a0\u00bb][vc_column width=\u00a0\u00bb1\/3&Prime;][vc_custom_heading text=\u00a0\u00bbCONTACT\u00a0\u00bb font_container=\u00a0\u00bbtag:h2|font_size:24px|text_align:left|color:%23000000&Prime; google_fonts=\u00a0\u00bbfont_family:Lato%3A100%2C100italic%2C300%2C300italic%2Cregular%2Citalic%2C700%2C700italic%2C900%2C900italic|font_style:700%20bold%20regular%3A700%3Anormal\u00a0\u00bb][vc_empty_space][vc_widget_sidebar sidebar_id=\u00a0\u00bbcontacto\u00a0\u00bb]\n<div class=\"wpcf7 no-js\" id=\"wpcf7-f1194-o3\" lang=\"es-ES\" dir=\"ltr\" data-wpcf7-id=\"1194\">\n<div class=\"screen-reader-response\"><p role=\"status\" aria-live=\"polite\" aria-atomic=\"true\"><\/p> <ul><\/ul><\/div>\n<form action=\"\/fr\/wp-json\/wp\/v2\/pages\/32#wpcf7-f1194-o3\" method=\"post\" class=\"wpcf7-form init\" aria-label=\"Formulario de contacto\" novalidate=\"novalidate\" data-status=\"init\">\n<fieldset class=\"hidden-fields-container\"><input type=\"hidden\" name=\"_wpcf7\" value=\"1194\" \/><input type=\"hidden\" name=\"_wpcf7_version\" value=\"6.1.3\" \/><input type=\"hidden\" name=\"_wpcf7_locale\" value=\"es_ES\" \/><input type=\"hidden\" name=\"_wpcf7_unit_tag\" value=\"wpcf7-f1194-o3\" \/><input type=\"hidden\" name=\"_wpcf7_container_post\" value=\"0\" \/><input type=\"hidden\" name=\"_wpcf7_posted_data_hash\" value=\"\" \/>\n<\/fieldset>\n<p><span class=\"wpcf7-form-control-wrap\" data-name=\"nombre\"><input size=\"40\" maxlength=\"400\" class=\"wpcf7-form-control wpcf7-text wpcf7-validates-as-required\" aria-required=\"true\" aria-invalid=\"false\" placeholder=\"Prenom\" value=\"\" type=\"text\" name=\"nombre\" \/><\/span><br \/>\n<span class=\"wpcf7-form-control-wrap\" data-name=\"apellidos\"><input size=\"40\" maxlength=\"400\" class=\"wpcf7-form-control wpcf7-text wpcf7-validates-as-required\" aria-required=\"true\" aria-invalid=\"false\" placeholder=\"Nom\" value=\"\" type=\"text\" name=\"apellidos\" \/><\/span><br \/>\n<span class=\"wpcf7-form-control-wrap\" data-name=\"empresa\"><input size=\"40\" maxlength=\"400\" class=\"wpcf7-form-control wpcf7-text wpcf7-validates-as-required\" aria-required=\"true\" aria-invalid=\"false\" placeholder=\"Compagnie\" value=\"\" type=\"text\" name=\"empresa\" \/><\/span><br \/>\n<span class=\"wpcf7-form-control-wrap\" data-name=\"direccion\"><input size=\"40\" maxlength=\"400\" class=\"wpcf7-form-control wpcf7-text wpcf7-validates-as-required\" aria-required=\"true\" aria-invalid=\"false\" placeholder=\"Adresse\" value=\"\" type=\"text\" name=\"direccion\" \/><\/span><br \/>\n<span class=\"wpcf7-form-control-wrap\" data-name=\"telefono\"><input size=\"40\" maxlength=\"400\" class=\"wpcf7-form-control wpcf7-tel wpcf7-text wpcf7-validates-as-tel\" aria-invalid=\"false\" placeholder=\"T\u00e9l\u00e9phone\" value=\"\" type=\"tel\" name=\"telefono\" \/><\/span><br \/>\n<span class=\"wpcf7-form-control-wrap\" data-name=\"mail\"><input size=\"40\" maxlength=\"400\" class=\"wpcf7-form-control wpcf7-email wpcf7-validates-as-required wpcf7-text wpcf7-validates-as-email\" aria-required=\"true\" aria-invalid=\"false\" placeholder=\"eMail\" value=\"\" type=\"email\" name=\"mail\" \/><\/span><br \/>\n<span class=\"wpcf7-form-control-wrap\" data-name=\"asunto\"><textarea cols=\"40\" rows=\"10\" maxlength=\"2000\" class=\"wpcf7-form-control wpcf7-textarea\" aria-invalid=\"false\" placeholder=\"Sujet\" name=\"asunto\"><\/textarea><\/span><br \/>\n<span class=\"en_linea\"><span class=\"wpcf7-form-control-wrap\" data-name=\"acceptance-116\"><span class=\"wpcf7-form-control wpcf7-acceptance\"><span class=\"wpcf7-list-item\"><input type=\"checkbox\" name=\"acceptance-116\" value=\"1\" aria-invalid=\"false\" \/><\/span><\/span><\/span> Donnez votre consentement pour recevoir des informations sur Feysol Nature et ses produits.<\/span>\n<\/p>\n<p><span class=\"en_linea\">Entrez les caract\u00e8res de v\u00e9rification suivants<br \/>\n<input type=\"hidden\" name=\"_wpcf7_captcha_challenge_captcha-1\" value=\"3018780307\" \/><img loading=\"lazy\" decoding=\"async\" class=\"wpcf7-form-control wpcf7-captchac wpcf7-captcha-captcha-1\" width=\"72\" height=\"24\" alt=\"captcha\" src=\"https:\/\/feysolnature.com\/wp-content\/uploads\/wpcf7_captcha\/3018780307.png\" \/> <span class=\"wpcf7-form-control-wrap\" data-name=\"captcha-1\"><input size=\"40\" class=\"wpcf7-form-control wpcf7-captchar\" autocomplete=\"off\" aria-invalid=\"false\" value=\"\" type=\"text\" name=\"captcha-1\" \/><\/span><\/span><br \/>\n<input class=\"wpcf7-form-control wpcf7-submit has-spinner\" type=\"submit\" value=\"ENVIAR\" \/>\n<\/p><p style=\"display: none !important;\" class=\"akismet-fields-container\" data-prefix=\"_wpcf7_ak_\"><label>&#916;<textarea name=\"_wpcf7_ak_hp_textarea\" cols=\"45\" rows=\"8\" maxlength=\"100\"><\/textarea><\/label><input type=\"hidden\" id=\"ak_js_3\" name=\"_wpcf7_ak_js\" value=\"7\"\/><script>document.getElementById( \"ak_js_3\" ).setAttribute( \"value\", ( new Date() ).getTime() );<\/script><\/p><div class=\"wpcf7-response-output\" aria-hidden=\"true\"><\/div>\n<\/form>\n<\/div>\n[\/vc_column][vc_column width=\u00a0\u00bb2\/3&Prime;][vc_row_inner][vc_column_inner width=\u00a0\u00bb1\/6&Prime;][\/vc_column_inner][vc_column_inner width=\u00a0\u00bb5\/6&Prime;][vc_gmaps link=\u00a0\u00bb#E-8_JTNDaWZyYW1lJTIwc3JjJTNEJTIyaHR0cHMlM0ElMkYlMkZ3d3cuZ29vZ2xlLmNvbSUyRm1hcHMlMkZlbWJlZCUzRnBiJTNEJTIxMW0xOCUyMTFtMTIlMjExbTMlMjExZDMxODIuOTQzOTkzNDc1NTIlMjEyZC0zLjc3ODM2OTU4NDI4NDMxNiUyMTNkMzcuMDgyNjQwNzc5ODkxNDElMjEybTMlMjExZjAlMjEyZjAlMjEzZjAlMjEzbTIlMjExaTEwMjQlMjEyaTc2OCUyMTRmMTMuMSUyMTNtMyUyMTFtMiUyMTFzMHhkNzAzNDU2Y2I4MzJlOGYlMjUzQTB4YTM3MmI4YjE4NGM5MzA2ZCUyMTJzRmV5c29sJTJCTmF0dXJlJTIxNWUwJTIxM20yJTIxMXNlcyUyMTJzZXMlMjE0djE1MTI2NTU5NjU2NTUlMjIlMjB3aWR0aCUzRCUyMjYwMCUyMiUyMGhlaWdodCUzRCUyMjQ1MCUyMiUyMGZyYW1lYm9yZGVyJTNEJTIyMCUyMiUyMHN0eWxlJTNEJTIyYm9yZGVyJTNBMCUyMiUyMGFsbG93ZnVsbHNjcmVlbiUzRSUzQyUyRmlmcmFtZSUzRQ==\u00a0\u00bb][vc_empty_space][vc_column_text]\n<p>COMMENT ARRIVER<\/p>\n<p>Coordenadas GPS 3\u00ba46&rsquo;33\u00a0\u00bb W.<br \/>\n37\u00ba4&rsquo;55\u00a0\u00bb N.<\/p>\n<p>&#8211; Prendre l\u2019A44 direction Armilla Motril<\/p>\n<p>&#8211; suivre la sortie 139 Otura\/La Malaha<\/p>\n<p>&#8211; Continuer tout droit<\/p>\n<p>&#8211; Au rond point, suivre la premi\u00e8re sortie direction La Malah\u00e1\/Ctra Bail\u00e9n-Motril N-323A\/A-385.<\/p>\n<p>&#8211; Continuer durant 9 Km.<\/p>\n<p>&#8211; Au rond point, suivre la troisi\u00e8me sortie direction Ventas de Huelma \/A-338.<\/p>\n<p>&#8211; Continuer tout droit et au deuxi\u00e8me rond point, prendre la premi\u00e8re sortie<\/p>\n<p>&#8211; L\u2019entreprise se situe sur votre gauche.[\/vc_column_text][\/vc_column_inner][\/vc_row_inner][\/vc_column][\/vc_row][vc_row][vc_column][vc_column_text]Vos donn\u00e9es seront trait\u00e9es par FEYSOL NATURE, S.L. (B18718411) avec adresse \u00e0 P.I. Parc M\u00e9tropolitain, rue Rubiales n \u00b0 7 et 9, Escuzar (18130-Grenade) afin de r\u00e9soudre le probl\u00e8me que nous soulevons.<\/p>\n<p>Les donn\u00e9es seront supprim\u00e9es une fois que l&rsquo;objectif informatif de ce formulaire aura \u00e9t\u00e9 rempli et ne sera pas transf\u00e9r\u00e9 \u00e0 des tiers, sauf dans les cas o\u00f9 il existe une obligation l\u00e9gale. Vous avez le droit d&rsquo;acc\u00e9der \u00e0 vos donn\u00e9es personnelles, rectifier des donn\u00e9es inexactes, demander leur suppression lorsque les donn\u00e9es ne sont plus n\u00e9cessaires aux fins qui ont \u00e9t\u00e9 recueillies, ou de limiter son traitement, par une communication \u00e0 l&rsquo;adresse postale ou par l&rsquo;adresse email info@feysolnature.com.[\/vc_column_text][\/vc_column][\/vc_row][vc_row][vc_column][vc_column_text][\/vc_column_text][\/vc_column][\/vc_row][vc_row][vc_column][vc_column_text]CONTACT[\/vc_column_text][\/vc_column][\/vc_row]","protected":false},"excerpt":{"rendered":"<p>[\/vc_column_text][\/vc_column][\/vc_row][vc_row][vc_column][\/vc_column][\/vc_row][vc_row visibility=\u00a0\u00bbvisible-desktop\u00a0\u00bb][vc_column width=\u00a0\u00bb1\/3&Prime;][vc_custom_heading text=\u00a0\u00bbCONTACT\u00a0\u00bb font_container=\u00a0\u00bbtag:h2|font_size:24px|text_align:left|color:%23000000&Prime; google_fonts=\u00a0\u00bbfont_family:Lato%3A100%2C100italic%2C300%2C300italic%2Cregular%2Citalic%2C700%2C700italic%2C900%2C900italic|font_style:700%20bold%20regular%3A700%3Anormal\u00a0\u00bb][vc_empty_space][vc_widget_sidebar sidebar_id=\u00a0\u00bbcontacto\u00a0\u00bb][\/vc_column][vc_column width=\u00a0\u00bb2\/3&Prime;][vc_row_inner][vc_column_inner width=\u00a0\u00bb1\/6&Prime;][\/vc_column_inner][vc_column_inner width=\u00a0\u00bb5\/6&Prime;][vc_gmaps link=\u00a0\u00bb#E-8_JTNDaWZyYW1lJTIwc3JjJTNEJTIyaHR0cHMlM0ElMkYlMkZ3d3cuZ29vZ2xlLmNvbSUyRm1hcHMlMkZlbWJlZCUzRnBiJTNEJTIxMW0xOCUyMTFtMTIlMjExbTMlMjExZDMxODIuOTQzOTkzNDc1NTIlMjEyZC0zLjc3ODM2OTU4NDI4NDMxNiUyMTNkMzcuMDgyNjQwNzc5ODkxNDElMjEybTMlMjExZjAlMjEyZjAlMjEzZjAlMjEzbTIlMjExaTEwMjQlMjEyaTc2OCUyMTRmMTMuMSUyMTNtMyUyMTFtMiUyMTFzMHhkNzAzNDU2Y2I4MzJlOGYlMjUzQTB4YTM3MmI4YjE4NGM5MzA2ZCUyMTJzRmV5c29sJTJCTmF0dXJlJTIxNWUwJTIxM20yJTIxMXNlcyUyMTJzZXMlMjE0djE1MTI2NTU5NjU2NTUlMjIlMjB3aWR0aCUzRCUyMjYwMCUyMiUyMGhlaWdodCUzRCUyMjQ1MCUyMiUyMGZyYW1lYm9yZGVyJTNEJTIyMCUyMiUyMHN0eWxlJTNEJTIyYm9yZGVyJTNBMCUyMiUyMGFsbG93ZnVsbHNjcmVlbiUzRSUzQyUyRmlmcmFtZSUzRQ==\u00a0\u00bb][vc_empty_space][vc_column_text] COMMENT ARRIVER Coordenadas GPS 3\u00ba46&rsquo;33\u00a0\u00bb W. 37\u00ba4&rsquo;55\u00a0\u00bb N. &#8211; Prendre l\u2019A44 direction Armilla Motril &#8211; suivre la sortie 139 Otura\/La Malaha &#8211; Continuer tout droit &#8211; Au rond point,&hellip;<\/p>\n","protected":false},"author":2,"featured_media":0,"parent":0,"menu_order":6,"comment_status":"closed","ping_status":"closed","template":"","meta":{"footnotes":""},"class_list":["post-32","page","type-page","status-publish","hentry","entry","no-media"],"_links":{"self":[{"href":"https:\/\/feysolnature.com\/fr\/wp-json\/wp\/v2\/pages\/32","targetHints":{"allow":["GET"]}}],"collection":[{"href":"https:\/\/feysolnature.com\/fr\/wp-json\/wp\/v2\/pages"}],"about":[{"href":"https:\/\/feysolnature.com\/fr\/wp-json\/wp\/v2\/types\/page"}],"author":[{"embeddable":true,"href":"https:\/\/feysolnature.com\/fr\/wp-json\/wp\/v2\/users\/2"}],"replies":[{"embeddable":true,"href":"https:\/\/feysolnature.com\/fr\/wp-json\/wp\/v2\/comments?post=32"}],"version-history":[{"count":49,"href":"https:\/\/feysolnature.com\/fr\/wp-json\/wp\/v2\/pages\/32\/revisions"}],"predecessor-version":[{"id":1762,"href":"https:\/\/feysolnature.com\/fr\/wp-json\/wp\/v2\/pages\/32\/revisions\/1762"}],"wp:attachment":[{"href":"https:\/\/feysolnature.com\/fr\/wp-json\/wp\/v2\/media?parent=32"}],"curies":[{"name":"wp","href":"https:\/\/api.w.org\/{rel}","templated":true}]}}