{"id":28,"date":"2017-11-23T16:17:47","date_gmt":"2017-11-23T16:17:47","guid":{"rendered":"http:\/\/feysolnature.com\/?page_id=28"},"modified":"2021-01-22T10:51:19","modified_gmt":"2021-01-22T08:51:19","slug":"calidad","status":"publish","type":"page","link":"https:\/\/feysolnature.com\/fr\/calidad\/","title":{"rendered":"QUALITE"},"content":{"rendered":"[vc_row][vc_column][\/vc_column][\/vc_row][vc_row][vc_column width=\u00a0\u00bb1\/3&Prime;][vc_custom_heading text=\u00a0\u00bbQUALITE\u00a0\u00bb font_container=\u00a0\u00bbtag:h2|font_size:24px|text_align:left|color:%23000000&Prime; google_fonts=\u00a0\u00bbfont_family:Lato%3A100%2C100italic%2C300%2C300italic%2Cregular%2Citalic%2C700%2C700italic%2C900%2C900italic|font_style:700%20bold%20regular%3A700%3Anormal\u00a0\u00bb][vc_empty_space][vc_column_text]\n<p align=\"JUSTIFY\"><span style=\"font-family: Arial, serif;\">Chez FEYSOL NATURE, nous nous compromettons \u00e0 la satisfaction int\u00e9grale de nos clients, par l\u2019excellence du service depuis la qualit\u00e9 technique de nos produits jusqu\u2019\u00e0 ce qu\u2019ils atteignent leur destination. Ce compromis nous apporte la confiance maximale de nos clients, respectant les modalit\u00e9s requises, avec la capacit\u00e9 d\u2019adaptation et flexibilit\u00e9 n\u00e9cessaire pour chacun.<br \/>\nEn r\u00e9sum\u00e9, une politique promouvant des valeurs comme la confiance, l\u2019honn\u00eatet\u00e9 et loyaut\u00e9, assurant la r\u00e9ussite corporative. [\/vc_column_text][\/vc_column][vc_column width=\u00a0\u00bb2\/3&Prime;][vc_single_image][\/vc_column][\/vc_row]<\/span><\/p>\n\n[\/vc_column_text][\/vc_column][\/vc_row][vc_row][vc_column][\/vc_column][\/vc_row][vc_row][vc_column width=\u00a0\u00bb1\/3&Prime;][vc_custom_heading text=\u00a0\u00bbQUALITE\u00a0\u00bb font_container=\u00a0\u00bbtag:h2|font_size:24px|text_align:left|color:%23000000&Prime; google_fonts=\u00a0\u00bbfont_family:Lato%3A100%2C100italic%2C300%2C300italic%2Cregular%2Citalic%2C700%2C700italic%2C900%2C900italic|font_style:700%20bold%20regular%3A700%3Anormal\u00a0\u00bb][vc_empty_space][vc_column_text]\n<p align=\"JUSTIFY\"><span style=\"font-family: Arial, serif;\">Chez FEYSOL NATURE, nous nous compromettons \u00e0 la satisfaction int\u00e9grale de nos clients, par l\u2019excellence du service depuis la qualit\u00e9 technique de nos produits jusqu\u2019\u00e0 ce qu\u2019ils atteignent leur destination. Ce compromis nous apporte la confiance maximale de nos clients, respectant les modalit\u00e9s requises, avec la capacit\u00e9 d\u2019adaptation et flexibilit\u00e9 n\u00e9cessaire pour chacun.<br \/>\nEn r\u00e9sum\u00e9, une politique promouvant des valeurs comme la confiance, l\u2019honn\u00eatet\u00e9 et loyaut\u00e9, assurant la r\u00e9ussite corporative. [\/vc_column_text][\/vc_column][vc_column width=\u00a0\u00bb2\/3&Prime;][vc_single_image][\/vc_column][\/vc_row][vc_row][vc_column][vc_column_text]<\/span><\/p>\n[\/vc_column_text][\/vc_column][\/vc_row]\n[vc_row][vc_column][\/vc_column][\/vc_row][vc_row][vc_column width=\u00a0\u00bb1\/3&Prime;][vc_custom_heading text=\u00a0\u00bbQUALITE\u00a0\u00bb font_container=\u00a0\u00bbtag:h2|font_size:24px|text_align:left|color:%23000000&Prime; google_fonts=\u00a0\u00bbfont_family:Lato%3A100%2C100italic%2C300%2C300italic%2Cregular%2Citalic%2C700%2C700italic%2C900%2C900italic|font_style:700%20bold%20regular%3A700%3Anormal\u00a0\u00bb][vc_empty_space][vc_column_text]\n<p align=\"JUSTIFY\"><span style=\"font-family: Arial, serif;\">Chez FEYSOL NATURE, nous nous compromettons \u00e0 la satisfaction int\u00e9grale de nos clients, par l\u2019excellence du service depuis la qualit\u00e9 technique de nos produits jusqu\u2019\u00e0 ce qu\u2019ils atteignent leur destination. Ce compromis nous apporte la confiance maximale de nos clients, respectant les modalit\u00e9s requises, avec la capacit\u00e9 d\u2019adaptation et flexibilit\u00e9 n\u00e9cessaire pour chacun.<br \/>\nEn r\u00e9sum\u00e9, une politique promouvant des valeurs comme la confiance, l\u2019honn\u00eatet\u00e9 et loyaut\u00e9, assurant la r\u00e9ussite corporative.   [\/vc_column_text][\/vc_column][vc_column width=\u00a0\u00bb2\/3&Prime;][vc_single_image][\/vc_column][\/vc_row]","protected":false},"excerpt":{"rendered":"<p>[vc_row][vc_column][\/vc_column][\/vc_row][vc_row][vc_column width=\u00a0\u00bb1\/3&Prime;][vc_custom_heading text=\u00a0\u00bbQUALITE\u00a0\u00bb font_container=\u00a0\u00bbtag:h2|font_size:24px|text_align:left|color:%23000000&Prime; google_fonts=\u00a0\u00bbfont_family:Lato%3A100%2C100italic%2C300%2C300italic%2Cregular%2Citalic%2C700%2C700italic%2C900%2C900italic|font_style:700%20bold%20regular%3A700%3Anormal\u00a0\u00bb][vc_empty_space][vc_column_text] Chez FEYSOL NATURE, nous nous compromettons \u00e0 la satisfaction int\u00e9grale de nos clients, par l\u2019excellence du service depuis la qualit\u00e9 technique de nos produits jusqu\u2019\u00e0 ce qu\u2019ils atteignent leur destination. Ce compromis nous apporte la&hellip;<\/p>\n","protected":false},"author":2,"featured_media":0,"parent":0,"menu_order":4,"comment_status":"closed","ping_status":"closed","template":"","meta":{"footnotes":""},"class_list":["post-28","page","type-page","status-publish","hentry","entry","no-media"],"_links":{"self":[{"href":"https:\/\/feysolnature.com\/fr\/wp-json\/wp\/v2\/pages\/28","targetHints":{"allow":["GET"]}}],"collection":[{"href":"https:\/\/feysolnature.com\/fr\/wp-json\/wp\/v2\/pages"}],"about":[{"href":"https:\/\/feysolnature.com\/fr\/wp-json\/wp\/v2\/types\/page"}],"author":[{"embeddable":true,"href":"https:\/\/feysolnature.com\/fr\/wp-json\/wp\/v2\/users\/2"}],"replies":[{"embeddable":true,"href":"https:\/\/feysolnature.com\/fr\/wp-json\/wp\/v2\/comments?post=28"}],"version-history":[{"count":15,"href":"https:\/\/feysolnature.com\/fr\/wp-json\/wp\/v2\/pages\/28\/revisions"}],"predecessor-version":[{"id":1729,"href":"https:\/\/feysolnature.com\/fr\/wp-json\/wp\/v2\/pages\/28\/revisions\/1729"}],"wp:attachment":[{"href":"https:\/\/feysolnature.com\/fr\/wp-json\/wp\/v2\/media?parent=28"}],"curies":[{"name":"wp","href":"https:\/\/api.w.org\/{rel}","templated":true}]}}