{"id":234,"date":"2017-11-24T00:11:35","date_gmt":"2017-11-24T00:11:35","guid":{"rendered":"http:\/\/feysolnature.com\/?page_id=234"},"modified":"2018-02-28T18:37:07","modified_gmt":"2018-02-28T17:37:07","slug":"industria","status":"publish","type":"page","link":"https:\/\/feysolnature.com\/fr\/industria\/","title":{"rendered":"INDUSTRIE"},"content":{"rendered":"[vc_row][vc_column][\/vc_column][\/vc_row][vc_row][vc_column width=\u00a0\u00bb1\/3&Prime;][vc_custom_heading text=\u00a0\u00bbMIEL POUR L\u2019INDUSTRIE\u00a0\u00bb font_container=\u00a0\u00bbtag:h2|font_size:24px|text_align:left|color:%23000000&Prime; google_fonts=\u00a0\u00bbfont_family:Lato%3A100%2C100italic%2C300%2C300italic%2Cregular%2Citalic%2C700%2C700italic%2C900%2C900italic|font_style:700%20bold%20regular%3A700%3Anormal\u00a0\u00bb][vc_empty_space][vc_column_text]Gr\u00e2ce \u00e0 nos contr\u00f4les de qualit\u00e9 par laboratoire interne et externe, nous offrons toute la s\u00e9curit\u00e9 n\u00e9cessaire pour notre miel destin\u00e9 \u00e0 l\u2019industrie alimentaire, cosm\u00e9tique et pharmaceutique, en format vrac et \u00e9conomique. [\/vc_column_text][\/vc_column][vc_column width=\u00a0\u00bb2\/3&Prime;][vc_single_image image=\u00a0\u00bb798&Prime;][\/vc_column][\/vc_row][vc_row][vc_column][\/vc_column][\/vc_row]","protected":false},"excerpt":{"rendered":"<p>[vc_row][vc_column][\/vc_column][\/vc_row][vc_row][vc_column width=\u00a0\u00bb1\/3&Prime;][vc_custom_heading text=\u00a0\u00bbMIEL POUR L\u2019INDUSTRIE\u00a0\u00bb font_container=\u00a0\u00bbtag:h2|font_size:24px|text_align:left|color:%23000000&Prime; google_fonts=\u00a0\u00bbfont_family:Lato%3A100%2C100italic%2C300%2C300italic%2Cregular%2Citalic%2C700%2C700italic%2C900%2C900italic|font_style:700%20bold%20regular%3A700%3Anormal\u00a0\u00bb][vc_empty_space][vc_column_text]Gr\u00e2ce \u00e0 nos contr\u00f4les de qualit\u00e9 par laboratoire interne et externe, nous offrons toute la s\u00e9curit\u00e9 n\u00e9cessaire pour notre miel destin\u00e9 \u00e0 l\u2019industrie alimentaire, cosm\u00e9tique et pharmaceutique, en format vrac et \u00e9conomique. [\/vc_column_text][\/vc_column][vc_column width=\u00a0\u00bb2\/3&Prime;][vc_single_image&hellip;<\/p>\n","protected":false},"author":2,"featured_media":0,"parent":0,"menu_order":3,"comment_status":"closed","ping_status":"closed","template":"","meta":{"footnotes":""},"class_list":["post-234","page","type-page","status-publish","hentry","entry","no-media"],"_links":{"self":[{"href":"https:\/\/feysolnature.com\/fr\/wp-json\/wp\/v2\/pages\/234","targetHints":{"allow":["GET"]}}],"collection":[{"href":"https:\/\/feysolnature.com\/fr\/wp-json\/wp\/v2\/pages"}],"about":[{"href":"https:\/\/feysolnature.com\/fr\/wp-json\/wp\/v2\/types\/page"}],"author":[{"embeddable":true,"href":"https:\/\/feysolnature.com\/fr\/wp-json\/wp\/v2\/users\/2"}],"replies":[{"embeddable":true,"href":"https:\/\/feysolnature.com\/fr\/wp-json\/wp\/v2\/comments?post=234"}],"version-history":[{"count":12,"href":"https:\/\/feysolnature.com\/fr\/wp-json\/wp\/v2\/pages\/234\/revisions"}],"predecessor-version":[{"id":1247,"href":"https:\/\/feysolnature.com\/fr\/wp-json\/wp\/v2\/pages\/234\/revisions\/1247"}],"wp:attachment":[{"href":"https:\/\/feysolnature.com\/fr\/wp-json\/wp\/v2\/media?parent=234"}],"curies":[{"name":"wp","href":"https:\/\/api.w.org\/{rel}","templated":true}]}}