{"id":232,"date":"2017-11-24T00:11:21","date_gmt":"2017-11-24T00:11:21","guid":{"rendered":"http:\/\/feysolnature.com\/?page_id=232"},"modified":"2019-07-05T13:34:18","modified_gmt":"2019-07-05T11:34:18","slug":"horeca","status":"publish","type":"page","link":"https:\/\/feysolnature.com\/fr\/horeca\/","title":{"rendered":"HORECA"},"content":{"rendered":"[vc_row][vc_column][\/vc_column][\/vc_row][vc_row][vc_column width=\u00a0\u00bb1\/3&Prime;][vc_custom_heading text=\u00a0\u00bbHORECA\u00a0\u00bb font_container=\u00a0\u00bbtag:h2|font_size:24px|text_align:left|color:%23000000&Prime; google_fonts=\u00a0\u00bbfont_family:Lato%3A100%2C100italic%2C300%2C300italic%2Cregular%2Citalic%2C700%2C700italic%2C900%2C900italic|font_style:700%20bold%20regular%3A700%3Anormal\u00a0\u00bb][vc_empty_space][vc_column_text]Le miel comme ingr\u00e9dient, nous proposons l\u2019ingr\u00e9dient le plus naturel de votre cuisine.<\/p>\n<p>FEYSOL NATURE s\u00e9lectionne des miels aromatiques \u00e0 saveur unique adapt\u00e9s \u00e0 la cuisine moderne, et pour tout usage en restauration. Nous pr\u00e9sentons notre miel, avec lequel la magie commencera gr\u00e2ce aux ingr\u00e9dients les plus naturels et d\u00e9licatement r\u00e9colt\u00e9s. Nous apportons notre service autant pour les traiteurs que pour les chefs les plus reconnus au niveau international. Nous proposons une ample gamme de miels de qualit\u00e9 pour tout usage, conditionn\u00e9s dans des emballages \u00e0 manipulation pratique.[\/vc_column_text][\/vc_column][vc_column width=\u00a0\u00bb2\/3&Prime;][vc_single_image image=\u00a0\u00bb797&Prime;][\/vc_column][\/vc_row][vc_row][vc_column][\/vc_column][\/vc_row]","protected":false},"excerpt":{"rendered":"<p>[vc_row][vc_column][\/vc_column][\/vc_row][vc_row][vc_column width=\u00a0\u00bb1\/3&Prime;][vc_custom_heading text=\u00a0\u00bbHORECA\u00a0\u00bb font_container=\u00a0\u00bbtag:h2|font_size:24px|text_align:left|color:%23000000&Prime; google_fonts=\u00a0\u00bbfont_family:Lato%3A100%2C100italic%2C300%2C300italic%2Cregular%2Citalic%2C700%2C700italic%2C900%2C900italic|font_style:700%20bold%20regular%3A700%3Anormal\u00a0\u00bb][vc_empty_space][vc_column_text]Le miel comme ingr\u00e9dient, nous proposons l\u2019ingr\u00e9dient le plus naturel de votre cuisine. FEYSOL NATURE s\u00e9lectionne des miels aromatiques \u00e0 saveur unique adapt\u00e9s \u00e0 la cuisine moderne, et pour tout usage en restauration. Nous pr\u00e9sentons notre&hellip;<\/p>\n","protected":false},"author":2,"featured_media":0,"parent":0,"menu_order":2,"comment_status":"closed","ping_status":"closed","template":"","meta":{"footnotes":""},"class_list":["post-232","page","type-page","status-publish","hentry","entry","no-media"],"_links":{"self":[{"href":"https:\/\/feysolnature.com\/fr\/wp-json\/wp\/v2\/pages\/232","targetHints":{"allow":["GET"]}}],"collection":[{"href":"https:\/\/feysolnature.com\/fr\/wp-json\/wp\/v2\/pages"}],"about":[{"href":"https:\/\/feysolnature.com\/fr\/wp-json\/wp\/v2\/types\/page"}],"author":[{"embeddable":true,"href":"https:\/\/feysolnature.com\/fr\/wp-json\/wp\/v2\/users\/2"}],"replies":[{"embeddable":true,"href":"https:\/\/feysolnature.com\/fr\/wp-json\/wp\/v2\/comments?post=232"}],"version-history":[{"count":13,"href":"https:\/\/feysolnature.com\/fr\/wp-json\/wp\/v2\/pages\/232\/revisions"}],"predecessor-version":[{"id":1248,"href":"https:\/\/feysolnature.com\/fr\/wp-json\/wp\/v2\/pages\/232\/revisions\/1248"}],"wp:attachment":[{"href":"https:\/\/feysolnature.com\/fr\/wp-json\/wp\/v2\/media?parent=232"}],"curies":[{"name":"wp","href":"https:\/\/api.w.org\/{rel}","templated":true}]}}