{"id":22,"date":"2017-11-23T16:17:12","date_gmt":"2017-11-23T16:17:12","guid":{"rendered":"http:\/\/feysolnature.com\/?page_id=22"},"modified":"2026-04-28T12:54:49","modified_gmt":"2026-04-28T10:54:49","slug":"portada","status":"publish","type":"page","link":"https:\/\/feysolnature.com\/fr\/","title":{"rendered":"ACCUEIL"},"content":{"rendered":"[vc_row full_width=\u00a0\u00bbstretch_row_content_no_spaces\u00a0\u00bb wpex_fixed_bg=\u00a0\u00bbfixed-bottom\u00a0\u00bb css=\u00a0\u00bb.vc_custom_1513853250014{margin-bottom: 5px !important;}\u00a0\u00bb][vc_column css=\u00a0\u00bb.vc_custom_1513853235224{margin-bottom: 0px !important;}\u00a0\u00bb][layerslider_vc id=\u00a0\u00bb2&Prime;][\/vc_column][\/vc_row][vc_row][vc_column width=\u00a0\u00bb1\/2&Prime;][vc_custom_heading text=\u00a0\u00bbPASI\u00d3N POR LA MIEL\u00a0\u00bb font_container=\u00a0\u00bbtag:h2|font_size:30px|text_align:center|color:%23000000&Prime; google_fonts=\u00a0\u00bbfont_family:Lato%3A100%2C100italic%2C300%2C300italic%2Cregular%2Citalic%2C700%2C700italic%2C900%2C900italic|font_style:700%20bold%20regular%3A700%3Anormal\u00a0\u00bb css=\u00a0\u00bb.vc_custom_1524567456998{margin-top: 32px !important;}\u00a0\u00bb][vc_column_text]D\u00e9di\u00e9s \u00e0 l&rsquo;apiculture, depuis 1944 nous combinons tradition et exp\u00e9rience pour obtenir les meilleurs produits. Nos abeilles, situ\u00e9es dans l&rsquo;un des plus beaux d\u00e9cors naturels d&rsquo;Espagne, la Sierra Nevada, produisent des miels naturels aux saveurs raffin\u00e9es.<\/p>\n<p>Notre gamme de produits est compos\u00e9e de quatre lignes, chacune avec des vari\u00e9t\u00e9s diff\u00e9rentes. Jardines de la Alhambra est un miel unique et exclusif, de production limit\u00e9e pour les palais les plus exigeants. Oroney est notre gamme de miel biologique, obtenu \u00e0 partir de lieux naturels et sauvages qui met en valeur notre engagement envers l&rsquo;environnement. Emir est compos\u00e9 de miels exclusifs et d\u00e9licats pour les gourmets les plus experts qui appr\u00e9cient la puret\u00e9 et l&rsquo;authenticit\u00e9. Enfin, Henrys est notre miel le plus abordable. Un produit sain \u00e0 utiliser au quotidien avec diverses vari\u00e9t\u00e9s, comme le miel d&rsquo;acacia, le miel de fleur d&rsquo;oranger, le miel de for\u00eat, le miel d&rsquo;eucalyptus, le miel de fleurs, de lavande, de citron, le miel de montagne, le miel de romarin ou encore le miel de thym.[\/vc_column_text][\/vc_column][vc_column width=\u00a0\u00bb1\/2&Prime;][vc_empty_space height=\u00a0\u00bb50px\u00a0\u00bb][vc_single_image image=\u00a0\u00bb1434&Prime; css_animation=\u00a0\u00bbfadeIn\u00a0\u00bb][\/vc_column][\/vc_row][vc_row][vc_column][vc_custom_heading text=\u00a0\u00bbNUESTROS PRODUCTOS\u00a0\u00bb font_container=\u00a0\u00bbtag:h2|font_size:30px|text_align:center|color:%23000000&Prime; google_fonts=\u00a0\u00bbfont_family:Lato%3A100%2C100italic%2C300%2C300italic%2Cregular%2Citalic%2C700%2C700italic%2C900%2C900italic|font_style:700%20bold%20regular%3A700%3Anormal\u00a0\u00bb css=\u00a0\u00bb.vc_custom_1515674422416{margin-top: 32px !important;}\u00a0\u00bb][\/vc_column][\/vc_row][vc_row][vc_column width=\u00a0\u00bb1\/4&Prime;][vc_single_image image=\u00a0\u00bb795&Prime; onclick=\u00a0\u00bbcustom_link\u00a0\u00bb link=\u00a0\u00bbhttp:\/\/feysolnature.com\/productos\/jardines\/\u00a0\u00bb][\/vc_column][vc_column width=\u00a0\u00bb1\/4&Prime;][vc_single_image image=\u00a0\u00bb773&Prime; onclick=\u00a0\u00bbcustom_link\u00a0\u00bb link=\u00a0\u00bbhttp:\/\/feysolnature.com\/productos\/oroney\/\u00a0\u00bb][\/vc_column][vc_column width=\u00a0\u00bb1\/4&Prime;][vc_single_image image=\u00a0\u00bb770&Prime; onclick=\u00a0\u00bbcustom_link\u00a0\u00bb link=\u00a0\u00bbhttp:\/\/feysolnature.com\/productos\/emir\/\u00a0\u00bb][\/vc_column][vc_column width=\u00a0\u00bb1\/4&Prime;][vc_single_image image=\u00a0\u00bb771&Prime; onclick=\u00a0\u00bbcustom_link\u00a0\u00bb link=\u00a0\u00bbhttp:\/\/feysolnature.com\/productos\/henrys\/\u00a0\u00bb][\/vc_column][\/vc_row][vc_row][vc_column][vc_separator color=\u00a0\u00bbwhite\u00a0\u00bb border_width=\u00a0\u00bb10&Prime;][\/vc_column][\/vc_row][vc_row][vc_column width=\u00a0\u00bb1\/6&Prime;][vc_single_image image=\u00a0\u00bb1866&Prime; alignment=\u00a0\u00bbcenter\u00a0\u00bb][\/vc_column][vc_column width=\u00a0\u00bb2\/3&Prime;][vc_column_text]D\u00c9TERMINATION ET CONTR\u00d4LE DE VARIABLES D&rsquo;ORIGINE BOTANIQUE ET PROC\u00c9D\u00c9 POUR AM\u00c9LIORER LES PROPRI\u00c9T\u00c9S ANTIBACT\u00c9RIENNES, SAINES ET D&rsquo;INT\u00c9R\u00caT G\u00c9N\u00c9RAL DU MIEL DE SIERRA NEVADA<\/p>\n<p>L&rsquo;objectif g\u00e9n\u00e9ral de ce projet est d&rsquo;am\u00e9liorer les propri\u00e9t\u00e9s fonctionnelles (antimicrobiennes, antioxydantes et pr\u00e9biotiques) et la qualit\u00e9 diff\u00e9renci\u00e9e (nutritive et organoleptique) du miel multifloral de la Sierra Nevada, pour obtenir une nouvelle gamme de miels haut de gamme aux propri\u00e9t\u00e9s b\u00e9n\u00e9fiques pour la sant\u00e9. , gr\u00e2ce au suivi des ruches situ\u00e9es dans l&rsquo;Espace Naturel de la Sierra Nevada -ENSN- (compos\u00e9 du Parc Naturel et du Parc National du m\u00eame nom) \u00e0 l&rsquo;aide de la technologie 4.0, qui permettra de mesurer et de contr\u00f4ler les facteurs qui influencent et d\u00e9terminent la qualit\u00e9 du miel tant lors de la production apicole que lors de la transformation, du conditionnement et du stockage en usine.<\/p>\n<p>P\u00e9riode d&rsquo;ex\u00e9cution du projet : 01\/12\/2020 au 30\/06\/2023<\/p>\n<p>Lieu d&rsquo;ex\u00e9cution : Andalousie<\/p>\n<p>Budget du projet : 633 877 \u20ac<\/p>\n<p>Cofinancement CDTI et FEDER : 448 214,43 \u20ac<\/p>\n<p>&nbsp;<\/p>\n<p>Fonds europ\u00e9en de d\u00e9veloppement r\u00e9gional (FEDER)\u00a0 \u00a0 \u00a0 \u00a0 \u00a0 \u00a0 \u00a0 \u00a0 \u00a0 \u00a0 \u00a0 \u00a0 \u00a0 \u00a0 \u00a0 \u00a0 \u00a0 \u00a0 \u00a0 \u00a0 \u00a0 \u00a0 \u00a0 \u00a0\u00a0 \u00a0 \u00a0 \u00a0 \u00a0 \u00a0 \u00a0 \u00a0 \u00a0 \u00a0 \u00a0 \u00a0 \u00a0 Une mani\u00e8re de faire l&rsquo;Europe[\/vc_column_text][\/vc_column][vc_column width=\u00a0\u00bb1\/6&Prime;][vc_single_image image=\u00a0\u00bb1806&Prime; alignment=\u00a0\u00bbcenter\u00a0\u00bb][\/vc_column][\/vc_row][vc_row][vc_column width=\u00a0\u00bb1\/4&Prime;][\/vc_column][vc_column width=\u00a0\u00bb1\/2&Prime;][vc_separator color=\u00a0\u00bbcustom\u00a0\u00bb border_width=\u00a0\u00bb5&Prime; accent_color=\u00a0\u00bb#f5aa01&Prime;][\/vc_column][vc_column width=\u00a0\u00bb1\/4&Prime;][\/vc_column][\/vc_row][vc_row][vc_column][vc_row_inner][vc_column_inner][vc_column_text]D\u00e9di\u00e9s \u00e0 l&rsquo;apiculture, depuis 1944 nous combinons tradition et exp\u00e9rience pour obtenir les meilleurs produits. Nos abeilles, situ\u00e9es dans l&rsquo;un des plus beaux d\u00e9cors naturels d&rsquo;Espagne, la Sierra Nevada, produisent des miels naturels aux saveurs raffin\u00e9es.<\/p>\n<p>Notre gamme de produits est compos\u00e9e de quatre lignes, chacune avec des vari\u00e9t\u00e9s diff\u00e9rentes. Jardines de la Alhambra est un miel unique et exclusif, de production limit\u00e9e pour les palais les plus exigeants. Oroney est notre gamme de miel biologique, obtenu \u00e0 partir de lieux naturels et sauvages qui met en valeur notre engagement envers l&rsquo;environnement. Emir est compos\u00e9 de miels exclusifs et d\u00e9licats pour les gourmets les plus experts qui appr\u00e9cient la puret\u00e9 et l&rsquo;authenticit\u00e9. Enfin, Henrys est notre miel le plus abordable. Un produit sain \u00e0 utiliser au quotidien avec diverses vari\u00e9t\u00e9s, comme le miel d&rsquo;acacia, le miel de fleur d&rsquo;oranger, le miel de for\u00eat, le miel d&rsquo;eucalyptus, le miel de fleurs, de lavande, de citron, le miel de montagne, le miel de romarin ou encore le miel de thym.[\/vc_column_text][\/vc_column_inner][\/vc_row_inner][\/vc_column][\/vc_row][vc_row][vc_column][vc_column_text]\u00a0\u00bbFeysol Nature SL a re\u00e7u une aide de l&rsquo;Union europ\u00e9enne dans le cadre du programme op\u00e9rationnel FEDER d&rsquo;Andalousie 2014-2020, financ\u00e9 dans le cadre de la r\u00e9ponse de l&rsquo;Union \u00e0 la pand\u00e9mie de COVID-19 (REACT-EU), pour compenser le surco\u00fbt du gaz naturel et \/ou de l&rsquo;\u00e9lectricit\u00e9 aux PME et aux travailleurs ind\u00e9pendants particuli\u00e8rement touch\u00e9s par la hausse des prix du gaz naturel et de l&rsquo;\u00e9lectricit\u00e9 provoqu\u00e9e par l&rsquo;impact de la guerre d&rsquo;agression de la Russie contre l&rsquo;Ukraine.[\/vc_column_text][vc_single_image image=\u00a0\u00bb1938&Prime; img_size=\u00a0\u00bbmedium\u00a0\u00bb alignment=\u00a0\u00bbcenter\u00a0\u00bb][\/vc_column][\/vc_row]","protected":false},"excerpt":{"rendered":"<p>[vc_row full_width=\u00a0\u00bbstretch_row_content_no_spaces\u00a0\u00bb wpex_fixed_bg=\u00a0\u00bbfixed-bottom\u00a0\u00bb css=\u00a0\u00bb.vc_custom_1513853250014{margin-bottom: 5px !important;}\u00a0\u00bb][vc_column css=\u00a0\u00bb.vc_custom_1513853235224{margin-bottom: 0px !important;}\u00a0\u00bb][layerslider_vc id=\u00a0\u00bb2&Prime;][\/vc_column][\/vc_row][vc_row][vc_column width=\u00a0\u00bb1\/2&Prime;][vc_custom_heading text=\u00a0\u00bbPASI\u00d3N POR LA MIEL\u00a0\u00bb font_container=\u00a0\u00bbtag:h2|font_size:30px|text_align:center|color:%23000000&Prime; google_fonts=\u00a0\u00bbfont_family:Lato%3A100%2C100italic%2C300%2C300italic%2Cregular%2Citalic%2C700%2C700italic%2C900%2C900italic|font_style:700%20bold%20regular%3A700%3Anormal\u00a0\u00bb css=\u00a0\u00bb.vc_custom_1524567456998{margin-top: 32px !important;}\u00a0\u00bb][vc_column_text]D\u00e9di\u00e9s \u00e0 l&rsquo;apiculture, depuis 1944 nous combinons tradition et exp\u00e9rience pour obtenir les meilleurs produits. Nos abeilles, situ\u00e9es dans l&rsquo;un des&hellip;<\/p>\n","protected":false},"author":2,"featured_media":0,"parent":0,"menu_order":1,"comment_status":"closed","ping_status":"open","template":"","meta":{"footnotes":""},"class_list":["post-22","page","type-page","status-publish","hentry","entry","no-media"],"_links":{"self":[{"href":"https:\/\/feysolnature.com\/fr\/wp-json\/wp\/v2\/pages\/22","targetHints":{"allow":["GET"]}}],"collection":[{"href":"https:\/\/feysolnature.com\/fr\/wp-json\/wp\/v2\/pages"}],"about":[{"href":"https:\/\/feysolnature.com\/fr\/wp-json\/wp\/v2\/types\/page"}],"author":[{"embeddable":true,"href":"https:\/\/feysolnature.com\/fr\/wp-json\/wp\/v2\/users\/2"}],"replies":[{"embeddable":true,"href":"https:\/\/feysolnature.com\/fr\/wp-json\/wp\/v2\/comments?post=22"}],"version-history":[{"count":105,"href":"https:\/\/feysolnature.com\/fr\/wp-json\/wp\/v2\/pages\/22\/revisions"}],"predecessor-version":[{"id":23755,"href":"https:\/\/feysolnature.com\/fr\/wp-json\/wp\/v2\/pages\/22\/revisions\/23755"}],"wp:attachment":[{"href":"https:\/\/feysolnature.com\/fr\/wp-json\/wp\/v2\/media?parent=22"}],"curies":[{"name":"wp","href":"https:\/\/api.w.org\/{rel}","templated":true}]}}