{"id":1992,"date":"2024-05-07T09:53:00","date_gmt":"2024-05-07T07:53:00","guid":{"rendered":"https:\/\/feysolnature.com\/?page_id=1992"},"modified":"2025-04-21T10:56:58","modified_gmt":"2025-04-21T08:56:58","slug":"politica-ambiental","status":"publish","type":"page","link":"https:\/\/feysolnature.com\/politica-ambiental\/","title":{"rendered":"(Spanish) Pol\u00edtica Ambiental"},"content":{"rendered":"<p class=\"whitespace-pre-wrap break-words\"><strong>La Direction G\u00e9n\u00e9rale de Feysol Nature S.L a d\u00e9fini cette Politique Environnementale<\/strong>, qui doit \u00eatre suivie par tout le personnel de l&rsquo;organisation et orient\u00e9e \u00e0 d\u00e9montrer la protection environnementale d\u00e9velopp\u00e9e en tenant compte de chacun des \u00e9l\u00e9ments qui font partie de notre activit\u00e9.<\/p>\n<p class=\"whitespace-pre-wrap break-words\">Les directives \u00e0 suivre par l&rsquo;organisation en mati\u00e8re de soin et de protection de l&rsquo;environnement sont orient\u00e9es vers:<\/p>\n<ul class=\"[&amp;:not(:last-child)_ul]:pb-1 [&amp;:not(:last-child)_ol]:pb-1 list-disc space-y-1.5 pl-7\">\n<li class=\"whitespace-normal break-words\">Respecter l&rsquo;engagement maintenu par <strong>Feysol Nature SL<\/strong> de <strong>prot\u00e9ger l&rsquo;environnement et pr\u00e9venir la pollution environnementale<\/strong>.<\/li>\n<li class=\"whitespace-normal break-words\">Poursuivre <strong>l&rsquo;utilisation responsable<\/strong> de notre <strong>mati\u00e8re premi\u00e8re<\/strong>, le miel, ainsi que des <strong>autres \u00e9l\u00e9ments et mat\u00e9riaux utilis\u00e9s<\/strong> quotidiennement dans le d\u00e9veloppement de notre activit\u00e9, en continuant et <strong>renfor\u00e7ant les accords et relations avec nos fournisseurs<\/strong>.<\/li>\n<li class=\"whitespace-normal break-words\"><strong>Respecter la l\u00e9gislation environnementale<\/strong> applicable \u00e0 notre activit\u00e9, ainsi qu&rsquo;assurer le respect des exigences et besoins de nos parties prenantes.<\/li>\n<li class=\"whitespace-normal break-words\"><strong>D\u00e9velopper de nouvelles strat\u00e9gies et mesures<\/strong> en mati\u00e8re de d\u00e9chets, de rejets et de consommation de ressources, en les incluant dans des protocoles permettant de r\u00e9duire davantage l&rsquo;impact environnemental g\u00e9n\u00e9r\u00e9 par notre activit\u00e9.<\/li>\n<li class=\"whitespace-normal break-words\"><strong>Renforcer<\/strong> les <strong>strat\u00e9gies<\/strong> qui sont men\u00e9es en mati\u00e8re de durabilit\u00e9 et qui fonctionnent actuellement, ainsi que proposer de nouvelles am\u00e9liorations permettant de progresser et d&rsquo;am\u00e9liorer le chemin de <strong>Feysol Nature SL<\/strong> vers la durabilit\u00e9.<\/li>\n<li class=\"whitespace-normal break-words\"><strong>Proposer et mener \u00e0 bien divers projets<\/strong> permettant d&rsquo;avancer dans le d\u00e9veloppement de nouvelles strat\u00e9gies plus respectueuses de l&rsquo;environnement afin de r\u00e9duire l&#8217;empreinte environnementale associ\u00e9e \u00e0 l&rsquo;activit\u00e9.<\/li>\n<li class=\"whitespace-normal break-words\"><strong>Contribuer \u00e0 la r\u00e9duction<\/strong> des causes associ\u00e9es au d\u00e9veloppement et \u00e0 l&rsquo;avancement des probl\u00e8mes environnementaux actuels comme le changement climatique.<\/li>\n<li class=\"whitespace-normal break-words\"><strong>Miser sur le d\u00e9veloppement et l&rsquo;application<\/strong> de mesures et\/ou strat\u00e9gies permettant l&rsquo;adaptation de l&rsquo;organisation face aux cons\u00e9quences d\u00e9clench\u00e9es par le changement climatique.<\/li>\n<li class=\"whitespace-normal break-words\"><strong>Garantir une am\u00e9lioration continue<\/strong> de tous les aspects et \u00e9l\u00e9ments qui influencent la performance environnementale de l&rsquo;organisation \u00e0 travers le d\u00e9veloppement et la mise en \u0153uvre de nouvelles actions.<\/li>\n<\/ul>\n<p class=\"whitespace-pre-wrap break-words\">Cette Politique environnementale sera communiqu\u00e9e \u00e0 tout le personnel de l&rsquo;organisation et sera disponible pour toutes les entreprises et organismes avec lesquels Feysol Nature S.L a un lien.<\/p>","protected":false},"excerpt":{"rendered":"<p>La Direction G\u00e9n\u00e9rale de Feysol Nature S.L a d\u00e9fini cette Politique Environnementale, qui doit \u00eatre suivie par tout le personnel de l&rsquo;organisation et orient\u00e9e \u00e0 d\u00e9montrer la protection environnementale d\u00e9velopp\u00e9e en tenant compte de chacun des \u00e9l\u00e9ments qui font partie&hellip;<\/p>\n","protected":false},"author":2,"featured_media":0,"parent":0,"menu_order":0,"comment_status":"closed","ping_status":"closed","template":"","meta":{"footnotes":""},"class_list":["post-1992","page","type-page","status-publish","hentry","entry","no-media"],"_links":{"self":[{"href":"https:\/\/feysolnature.com\/fr\/wp-json\/wp\/v2\/pages\/1992","targetHints":{"allow":["GET"]}}],"collection":[{"href":"https:\/\/feysolnature.com\/fr\/wp-json\/wp\/v2\/pages"}],"about":[{"href":"https:\/\/feysolnature.com\/fr\/wp-json\/wp\/v2\/types\/page"}],"author":[{"embeddable":true,"href":"https:\/\/feysolnature.com\/fr\/wp-json\/wp\/v2\/users\/2"}],"replies":[{"embeddable":true,"href":"https:\/\/feysolnature.com\/fr\/wp-json\/wp\/v2\/comments?post=1992"}],"version-history":[{"count":4,"href":"https:\/\/feysolnature.com\/fr\/wp-json\/wp\/v2\/pages\/1992\/revisions"}],"predecessor-version":[{"id":16053,"href":"https:\/\/feysolnature.com\/fr\/wp-json\/wp\/v2\/pages\/1992\/revisions\/16053"}],"wp:attachment":[{"href":"https:\/\/feysolnature.com\/fr\/wp-json\/wp\/v2\/media?parent=1992"}],"curies":[{"name":"wp","href":"https:\/\/api.w.org\/{rel}","templated":true}]}}