{"id":121,"date":"2017-11-23T18:42:58","date_gmt":"2017-11-23T18:42:58","guid":{"rendered":"http:\/\/feysolnature.com\/?page_id=121"},"modified":"2023-06-28T18:50:36","modified_gmt":"2023-06-28T16:50:36","slug":"certificaciones","status":"publish","type":"page","link":"https:\/\/feysolnature.com\/calidad\/certificaciones\/","title":{"rendered":"CERTIFICACIONES"},"content":{"rendered":"[vc_row][vc_column][\/vc_column][\/vc_row][vc_row][vc_column width=\u00a0\u00bb1\/3&Prime;][vc_custom_heading text=\u00a0\u00bbCERTIFICATIONS ET QUALIT\u00c9\u00a0\u00bb font_container=\u00a0\u00bbtag:h2|font_size:24px|text_align:center|color:%23000000&Prime; google_fonts=\u00a0\u00bbfont_family:Lato%3A100%2C100italic%2C300%2C300italic%2Cregular%2Citalic%2C700%2C700italic%2C900%2C900italic|font_style:700%20bold%20regular%3A700%3Anormal\u00a0\u00bb][vc_empty_space][vc_column_text]Dans notre entreprise, nous attachons une importance primordiale pour la satisfaction des clients, au travers de l\u2019\u00e9laboration de produits surs et en correspondance avec les normes les plus exigeantes pour la s\u00e9curit\u00e9 alimentaire. Pour atteindre cet objectif, FEYSOL NATURE a implant\u00e9 les protocoles de s\u00e9curit\u00e9 alimentaire bas\u00e9s sur les normes IFS et BRC, qui avec l\u2019application des normes de qualit\u00e9 sp\u00e9cifiques et requises l\u00e9galement, garantissent l\u2019objectif recherch\u00e9.<br \/>\nDe la m\u00eame mani\u00e8re, nous \u00e9laborons des produits en suivants les instructions de qualit\u00e9 Halal, pour atteindre plus de populations et satisfaire leurs exigences et besoins.<br \/>\n[\/vc_column_text][\/vc_column][vc_column width=\u00a0\u00bb2\/3&Prime;][vc_row_inner css=\u00a0\u00bb.vc_custom_1513130995154{margin-bottom: 40px !important;border-top-width: 1px !important;padding-top: 30px !important;border-top-color: #000000 !important;border-top-style: solid !important;}\u00a0\u00bb][vc_column_inner width=\u00a0\u00bb1\/3&Prime;][vc_custom_heading text=\u00a0\u00bbPRODUIT \u00c9COLOGIQUE EUROP\u00c9EN\u00a0\u00bb font_container=\u00a0\u00bbtag:h2|font_size:20px|text_align:left|color:%23000000&Prime; google_fonts=\u00a0\u00bbfont_family:Lato%3A100%2C100italic%2C300%2C300italic%2Cregular%2Citalic%2C700%2C700italic%2C900%2C900italic|font_style:300%20light%20regular%3A300%3Anormal\u00a0\u00bb][\/vc_column_inner][vc_column_inner width=\u00a0\u00bb2\/3&Prime;][vc_single_image image=\u00a0\u00bb758&Prime;][\/vc_column_inner][\/vc_row_inner][vc_row_inner css=\u00a0\u00bb.vc_custom_1513131011749{margin-top: 30px !important;margin-bottom: 40px !important;border-top-width: 1px !important;padding-top: 30px !important;border-top-color: #000000 !important;border-top-style: solid !important;}\u00a0\u00bb][vc_column_inner width=\u00a0\u00bb1\/3&Prime;][vc_custom_heading text=\u00a0\u00bbCERTIFICAT IFS\u00a0\u00bb font_container=\u00a0\u00bbtag:h2|font_size:20px|text_align:left|color:%23000000&Prime; google_fonts=\u00a0\u00bbfont_family:Lato%3A100%2C100italic%2C300%2C300italic%2Cregular%2Citalic%2C700%2C700italic%2C900%2C900italic|font_style:300%20light%20regular%3A300%3Anormal\u00a0\u00bb][\/vc_column_inner][vc_column_inner width=\u00a0\u00bb2\/3&Prime;][vc_single_image image=\u00a0\u00bb1840&Prime;][\/vc_column_inner][\/vc_row_inner][vc_row_inner css=\u00a0\u00bb.vc_custom_1513131011749{margin-top: 30px !important;margin-bottom: 40px !important;border-top-width: 1px !important;padding-top: 30px !important;border-top-color: #000000 !important;border-top-style: solid !important;}\u00a0\u00bb][vc_column_inner width=\u00a0\u00bb1\/3&Prime;][vc_custom_heading text=\u00a0\u00bbCERTIFICAT BRC\u00a0\u00bb font_container=\u00a0\u00bbtag:h2|font_size:20px|text_align:left|color:%23000000&Prime; google_fonts=\u00a0\u00bbfont_family:Lato%3A100%2C100italic%2C300%2C300italic%2Cregular%2Citalic%2C700%2C700italic%2C900%2C900italic|font_style:300%20light%20regular%3A300%3Anormal\u00a0\u00bb][\/vc_column_inner][vc_column_inner width=\u00a0\u00bb2\/3&Prime;][vc_single_image image=\u00a0\u00bb1878&Prime;][\/vc_column_inner][\/vc_row_inner][\/vc_column][\/vc_row]","protected":false},"excerpt":{"rendered":"<p>[vc_row][vc_column][\/vc_column][\/vc_row][vc_row][vc_column width=\u00a0\u00bb1\/3&Prime;][vc_custom_heading text=\u00a0\u00bbCERTIFICATIONS ET QUALIT\u00c9\u00a0\u00bb font_container=\u00a0\u00bbtag:h2|font_size:24px|text_align:center|color:%23000000&Prime; google_fonts=\u00a0\u00bbfont_family:Lato%3A100%2C100italic%2C300%2C300italic%2Cregular%2Citalic%2C700%2C700italic%2C900%2C900italic|font_style:700%20bold%20regular%3A700%3Anormal\u00a0\u00bb][vc_empty_space][vc_column_text]Dans notre entreprise, nous attachons une importance primordiale pour la satisfaction des clients, au travers de l\u2019\u00e9laboration de produits surs et en correspondance avec les normes les plus exigeantes pour la s\u00e9curit\u00e9 alimentaire. Pour&hellip;<\/p>\n","protected":false},"author":2,"featured_media":0,"parent":28,"menu_order":1,"comment_status":"closed","ping_status":"closed","template":"","meta":{"footnotes":""},"class_list":["post-121","page","type-page","status-publish","hentry","entry","no-media"],"_links":{"self":[{"href":"https:\/\/feysolnature.com\/fr\/wp-json\/wp\/v2\/pages\/121","targetHints":{"allow":["GET"]}}],"collection":[{"href":"https:\/\/feysolnature.com\/fr\/wp-json\/wp\/v2\/pages"}],"about":[{"href":"https:\/\/feysolnature.com\/fr\/wp-json\/wp\/v2\/types\/page"}],"author":[{"embeddable":true,"href":"https:\/\/feysolnature.com\/fr\/wp-json\/wp\/v2\/users\/2"}],"replies":[{"embeddable":true,"href":"https:\/\/feysolnature.com\/fr\/wp-json\/wp\/v2\/comments?post=121"}],"version-history":[{"count":36,"href":"https:\/\/feysolnature.com\/fr\/wp-json\/wp\/v2\/pages\/121\/revisions"}],"predecessor-version":[{"id":1920,"href":"https:\/\/feysolnature.com\/fr\/wp-json\/wp\/v2\/pages\/121\/revisions\/1920"}],"up":[{"embeddable":true,"href":"https:\/\/feysolnature.com\/fr\/wp-json\/wp\/v2\/pages\/28"}],"wp:attachment":[{"href":"https:\/\/feysolnature.com\/fr\/wp-json\/wp\/v2\/media?parent=121"}],"curies":[{"name":"wp","href":"https:\/\/api.w.org\/{rel}","templated":true}]}}