{"id":107,"date":"2017-11-23T18:25:34","date_gmt":"2017-11-23T18:25:34","guid":{"rendered":"http:\/\/feysolnature.com\/?page_id=107"},"modified":"2019-07-05T11:32:30","modified_gmt":"2019-07-05T09:32:30","slug":"vision","status":"publish","type":"page","link":"https:\/\/feysolnature.com\/fr\/empresa\/vision\/","title":{"rendered":"VISION"},"content":{"rendered":"[vc_row][vc_column][\/vc_column][\/vc_row][vc_row][vc_column width=\u00a0\u00bb1\/3&Prime;][vc_custom_heading text=\u00a0\u00bbVISION\u00a0\u00bb font_container=\u00a0\u00bbtag:h2|font_size:24px|text_align:left|color:%23000000&Prime; google_fonts=\u00a0\u00bbfont_family:Lato%3A100%2C100italic%2C300%2C300italic%2Cregular%2Citalic%2C700%2C700italic%2C900%2C900italic|font_style:700%20bold%20regular%3A700%3Anormal\u00a0\u00bb][vc_empty_space][vc_column_text]FEYSOL NATURE est une entreprise agroalimentaire \u00e0 vocation internationale, et dont la philosophie et objectif est l\u2019apport de valeur \u00e0 ses employ\u00e9s, clients et collaborateurs, \u00e0 travers ses marques et produits.<br \/>\nPour cela, nous comptons sur notre \u00e9quipe de professionnels hautement qualifi\u00e9s pour transmettre cette vision positive d\u2019entreprise dans le secteur o\u00f9 elle se trouve.[\/vc_column_text][\/vc_column][vc_column width=\u00a0\u00bb2\/3&Prime;][vc_single_image image=\u00a0\u00bb781&Prime;][\/vc_column][\/vc_row]","protected":false},"excerpt":{"rendered":"<p>[vc_row][vc_column][\/vc_column][\/vc_row][vc_row][vc_column width=\u00a0\u00bb1\/3&Prime;][vc_custom_heading text=\u00a0\u00bbVISION\u00a0\u00bb font_container=\u00a0\u00bbtag:h2|font_size:24px|text_align:left|color:%23000000&Prime; google_fonts=\u00a0\u00bbfont_family:Lato%3A100%2C100italic%2C300%2C300italic%2Cregular%2Citalic%2C700%2C700italic%2C900%2C900italic|font_style:700%20bold%20regular%3A700%3Anormal\u00a0\u00bb][vc_empty_space][vc_column_text]FEYSOL NATURE est une entreprise agroalimentaire \u00e0 vocation internationale, et dont la philosophie et objectif est l\u2019apport de valeur \u00e0 ses employ\u00e9s, clients et collaborateurs, \u00e0 travers ses marques et produits. Pour cela, nous comptons sur&hellip;<\/p>\n","protected":false},"author":2,"featured_media":0,"parent":24,"menu_order":1,"comment_status":"closed","ping_status":"closed","template":"","meta":{"footnotes":""},"class_list":["post-107","page","type-page","status-publish","hentry","entry","no-media"],"_links":{"self":[{"href":"https:\/\/feysolnature.com\/fr\/wp-json\/wp\/v2\/pages\/107","targetHints":{"allow":["GET"]}}],"collection":[{"href":"https:\/\/feysolnature.com\/fr\/wp-json\/wp\/v2\/pages"}],"about":[{"href":"https:\/\/feysolnature.com\/fr\/wp-json\/wp\/v2\/types\/page"}],"author":[{"embeddable":true,"href":"https:\/\/feysolnature.com\/fr\/wp-json\/wp\/v2\/users\/2"}],"replies":[{"embeddable":true,"href":"https:\/\/feysolnature.com\/fr\/wp-json\/wp\/v2\/comments?post=107"}],"version-history":[{"count":9,"href":"https:\/\/feysolnature.com\/fr\/wp-json\/wp\/v2\/pages\/107\/revisions"}],"predecessor-version":[{"id":1256,"href":"https:\/\/feysolnature.com\/fr\/wp-json\/wp\/v2\/pages\/107\/revisions\/1256"}],"up":[{"embeddable":true,"href":"https:\/\/feysolnature.com\/fr\/wp-json\/wp\/v2\/pages\/24"}],"wp:attachment":[{"href":"https:\/\/feysolnature.com\/fr\/wp-json\/wp\/v2\/media?parent=107"}],"curies":[{"name":"wp","href":"https:\/\/api.w.org\/{rel}","templated":true}]}}