{"id":105,"date":"2017-11-23T18:25:03","date_gmt":"2017-11-23T18:25:03","guid":{"rendered":"http:\/\/feysolnature.com\/?page_id=105"},"modified":"2018-02-28T18:42:37","modified_gmt":"2018-02-28T17:42:37","slug":"unete","status":"publish","type":"page","link":"https:\/\/feysolnature.com\/fr\/empresa\/unete\/","title":{"rendered":"REJOIGNEZ NOUS"},"content":{"rendered":"[vc_row][vc_column][\/vc_column][\/vc_row][vc_row][vc_column width=\u00a0\u00bb1\/3&Prime;][vc_custom_heading text=\u00a0\u00bbREJOIGNEZ NOUS\u00a0\u00bb font_container=\u00a0\u00bbtag:h2|font_size:24px|text_align:left|color:%23000000&Prime; google_fonts=\u00a0\u00bbfont_family:Lato%3A100%2C100italic%2C300%2C300italic%2Cregular%2Citalic%2C700%2C700italic%2C900%2C900italic|font_style:700%20bold%20regular%3A700%3Anormal\u00a0\u00bb][vc_empty_space][vc_column_text]Si vous \u00eates int\u00e9ress\u00e9s pour travailler dans une entreprise jeune, dynamique et innovante, n\u2019h\u00e9sitez pas \u00e0 nous contacter, nous trouverons le poste pour vous, o\u00f9 vous pourrez apporter vos id\u00e9es et votre talent, et qui vous permettra de vous d\u00e9velopper dans un environnement de travail favorable et confortable.[\/vc_column_text][\/vc_column][vc_column width=\u00a0\u00bb2\/3&Prime;][vc_single_image image=\u00a0\u00bb779&Prime;][\/vc_column][\/vc_row]","protected":false},"excerpt":{"rendered":"<p>[vc_row][vc_column][\/vc_column][\/vc_row][vc_row][vc_column width=\u00a0\u00bb1\/3&Prime;][vc_custom_heading text=\u00a0\u00bbREJOIGNEZ NOUS\u00a0\u00bb font_container=\u00a0\u00bbtag:h2|font_size:24px|text_align:left|color:%23000000&Prime; google_fonts=\u00a0\u00bbfont_family:Lato%3A100%2C100italic%2C300%2C300italic%2Cregular%2Citalic%2C700%2C700italic%2C900%2C900italic|font_style:700%20bold%20regular%3A700%3Anormal\u00a0\u00bb][vc_empty_space][vc_column_text]Si vous \u00eates int\u00e9ress\u00e9s pour travailler dans une entreprise jeune, dynamique et innovante, n\u2019h\u00e9sitez pas \u00e0 nous contacter, nous trouverons le poste pour vous, o\u00f9 vous pourrez apporter vos id\u00e9es et votre talent, et qui&hellip;<\/p>\n","protected":false},"author":2,"featured_media":0,"parent":24,"menu_order":6,"comment_status":"closed","ping_status":"closed","template":"","meta":{"footnotes":""},"class_list":["post-105","page","type-page","status-publish","hentry","entry","no-media"],"_links":{"self":[{"href":"https:\/\/feysolnature.com\/fr\/wp-json\/wp\/v2\/pages\/105","targetHints":{"allow":["GET"]}}],"collection":[{"href":"https:\/\/feysolnature.com\/fr\/wp-json\/wp\/v2\/pages"}],"about":[{"href":"https:\/\/feysolnature.com\/fr\/wp-json\/wp\/v2\/types\/page"}],"author":[{"embeddable":true,"href":"https:\/\/feysolnature.com\/fr\/wp-json\/wp\/v2\/users\/2"}],"replies":[{"embeddable":true,"href":"https:\/\/feysolnature.com\/fr\/wp-json\/wp\/v2\/comments?post=105"}],"version-history":[{"count":12,"href":"https:\/\/feysolnature.com\/fr\/wp-json\/wp\/v2\/pages\/105\/revisions"}],"predecessor-version":[{"id":1250,"href":"https:\/\/feysolnature.com\/fr\/wp-json\/wp\/v2\/pages\/105\/revisions\/1250"}],"up":[{"embeddable":true,"href":"https:\/\/feysolnature.com\/fr\/wp-json\/wp\/v2\/pages\/24"}],"wp:attachment":[{"href":"https:\/\/feysolnature.com\/fr\/wp-json\/wp\/v2\/media?parent=105"}],"curies":[{"name":"wp","href":"https:\/\/api.w.org\/{rel}","templated":true}]}}