{"id":103,"date":"2017-11-23T18:24:46","date_gmt":"2017-11-23T18:24:46","guid":{"rendered":"http:\/\/feysolnature.com\/?page_id=103"},"modified":"2018-02-28T18:41:00","modified_gmt":"2018-02-28T17:41:00","slug":"equipo","status":"publish","type":"page","link":"https:\/\/feysolnature.com\/fr\/empresa\/equipo\/","title":{"rendered":"NOTRE EQUIPE"},"content":{"rendered":"[vc_row][vc_column][\/vc_column][\/vc_row][vc_row][vc_column width=\u00a0\u00bb1\/3&Prime;][vc_custom_heading text=\u00a0\u00bbNUESTRO EQUIPO\u00a0\u00bb font_container=\u00a0\u00bbtag:h2|font_size:24px|text_align:left|color:%23000000&Prime; google_fonts=\u00a0\u00bbfont_family:Lato%3A100%2C100italic%2C300%2C300italic%2Cregular%2Citalic%2C700%2C700italic%2C900%2C900italic|font_style:700%20bold%20regular%3A700%3Anormal\u00a0\u00bb][vc_empty_space][vc_column_text]Nous nous appuyons sur une \u00e9quipe de professionnels hautement qualifi\u00e9s, pour apporter la valeur et service \u00e0 nos clients.[\/vc_column_text][\/vc_column][vc_column width=\u00a0\u00bb2\/3&Prime;][vc_single_image image=\u00a0\u00bb775&Prime;][\/vc_column][\/vc_row]","protected":false},"excerpt":{"rendered":"<p>[vc_row][vc_column][\/vc_column][\/vc_row][vc_row][vc_column width=\u00a0\u00bb1\/3&Prime;][vc_custom_heading text=\u00a0\u00bbNUESTRO EQUIPO\u00a0\u00bb font_container=\u00a0\u00bbtag:h2|font_size:24px|text_align:left|color:%23000000&Prime; google_fonts=\u00a0\u00bbfont_family:Lato%3A100%2C100italic%2C300%2C300italic%2Cregular%2Citalic%2C700%2C700italic%2C900%2C900italic|font_style:700%20bold%20regular%3A700%3Anormal\u00a0\u00bb][vc_empty_space][vc_column_text]Nous nous appuyons sur une \u00e9quipe de professionnels hautement qualifi\u00e9s, pour apporter la valeur et service \u00e0 nos clients.[\/vc_column_text][\/vc_column][vc_column width=\u00a0\u00bb2\/3&Prime;][vc_single_image image=\u00a0\u00bb775&Prime;][\/vc_column][\/vc_row]<\/p>\n","protected":false},"author":2,"featured_media":0,"parent":24,"menu_order":5,"comment_status":"closed","ping_status":"closed","template":"","meta":{"footnotes":""},"class_list":["post-103","page","type-page","status-publish","hentry","entry","no-media"],"_links":{"self":[{"href":"https:\/\/feysolnature.com\/fr\/wp-json\/wp\/v2\/pages\/103","targetHints":{"allow":["GET"]}}],"collection":[{"href":"https:\/\/feysolnature.com\/fr\/wp-json\/wp\/v2\/pages"}],"about":[{"href":"https:\/\/feysolnature.com\/fr\/wp-json\/wp\/v2\/types\/page"}],"author":[{"embeddable":true,"href":"https:\/\/feysolnature.com\/fr\/wp-json\/wp\/v2\/users\/2"}],"replies":[{"embeddable":true,"href":"https:\/\/feysolnature.com\/fr\/wp-json\/wp\/v2\/comments?post=103"}],"version-history":[{"count":9,"href":"https:\/\/feysolnature.com\/fr\/wp-json\/wp\/v2\/pages\/103\/revisions"}],"predecessor-version":[{"id":1249,"href":"https:\/\/feysolnature.com\/fr\/wp-json\/wp\/v2\/pages\/103\/revisions\/1249"}],"up":[{"embeddable":true,"href":"https:\/\/feysolnature.com\/fr\/wp-json\/wp\/v2\/pages\/24"}],"wp:attachment":[{"href":"https:\/\/feysolnature.com\/fr\/wp-json\/wp\/v2\/media?parent=103"}],"curies":[{"name":"wp","href":"https:\/\/api.w.org\/{rel}","templated":true}]}}