{"id":101,"date":"2017-11-23T18:24:30","date_gmt":"2017-11-23T18:24:30","guid":{"rendered":"http:\/\/feysolnature.com\/?page_id=101"},"modified":"2018-02-28T18:44:11","modified_gmt":"2018-02-28T17:44:11","slug":"rsc","status":"publish","type":"page","link":"https:\/\/feysolnature.com\/fr\/empresa\/rsc\/","title":{"rendered":"RSC"},"content":{"rendered":"[vc_row][vc_column][\/vc_column][\/vc_row][vc_row][vc_column width=\u00a0\u00bb1\/3&Prime;][vc_custom_heading text=\u00a0\u00bbRSC\u00a0\u00bb font_container=\u00a0\u00bbtag:h2|font_size:24px|text_align:left|color:%23000000&Prime; google_fonts=\u00a0\u00bbfont_family:Lato%3A100%2C100italic%2C300%2C300italic%2Cregular%2Citalic%2C700%2C700italic%2C900%2C900italic|font_style:700%20bold%20regular%3A700%3Anormal\u00a0\u00bb][vc_empty_space][vc_column_text]Nous assumons la responsabilit\u00e9 de maintenir l\u2019\u00e9quilibre entre \u00e9conomie, \u00e9quit\u00e9 et d\u00e9veloppement durable, nous permettant de d\u00e9velopper notre activit\u00e9 et garantir un futur \u00e0 notre plan\u00e8te et ses habitants. Peu d\u2019activit\u00e9s humaines sont reconnues aussi durables que l\u2019apiculture pour notre plan\u00e8te.[\/vc_column_text][\/vc_column][vc_column width=\u00a0\u00bb2\/3&Prime;][vc_single_image image=\u00a0\u00bb778&Prime;][\/vc_column][\/vc_row]","protected":false},"excerpt":{"rendered":"<p>[vc_row][vc_column][\/vc_column][\/vc_row][vc_row][vc_column width=\u00a0\u00bb1\/3&Prime;][vc_custom_heading text=\u00a0\u00bbRSC\u00a0\u00bb font_container=\u00a0\u00bbtag:h2|font_size:24px|text_align:left|color:%23000000&Prime; google_fonts=\u00a0\u00bbfont_family:Lato%3A100%2C100italic%2C300%2C300italic%2Cregular%2Citalic%2C700%2C700italic%2C900%2C900italic|font_style:700%20bold%20regular%3A700%3Anormal\u00a0\u00bb][vc_empty_space][vc_column_text]Nous assumons la responsabilit\u00e9 de maintenir l\u2019\u00e9quilibre entre \u00e9conomie, \u00e9quit\u00e9 et d\u00e9veloppement durable, nous permettant de d\u00e9velopper notre activit\u00e9 et garantir un futur \u00e0 notre plan\u00e8te et ses habitants. Peu d\u2019activit\u00e9s humaines sont reconnues aussi durables&hellip;<\/p>\n","protected":false},"author":2,"featured_media":0,"parent":24,"menu_order":4,"comment_status":"closed","ping_status":"closed","template":"","meta":{"footnotes":""},"class_list":["post-101","page","type-page","status-publish","hentry","entry","no-media"],"_links":{"self":[{"href":"https:\/\/feysolnature.com\/fr\/wp-json\/wp\/v2\/pages\/101","targetHints":{"allow":["GET"]}}],"collection":[{"href":"https:\/\/feysolnature.com\/fr\/wp-json\/wp\/v2\/pages"}],"about":[{"href":"https:\/\/feysolnature.com\/fr\/wp-json\/wp\/v2\/types\/page"}],"author":[{"embeddable":true,"href":"https:\/\/feysolnature.com\/fr\/wp-json\/wp\/v2\/users\/2"}],"replies":[{"embeddable":true,"href":"https:\/\/feysolnature.com\/fr\/wp-json\/wp\/v2\/comments?post=101"}],"version-history":[{"count":9,"href":"https:\/\/feysolnature.com\/fr\/wp-json\/wp\/v2\/pages\/101\/revisions"}],"predecessor-version":[{"id":1252,"href":"https:\/\/feysolnature.com\/fr\/wp-json\/wp\/v2\/pages\/101\/revisions\/1252"}],"up":[{"embeddable":true,"href":"https:\/\/feysolnature.com\/fr\/wp-json\/wp\/v2\/pages\/24"}],"wp:attachment":[{"href":"https:\/\/feysolnature.com\/fr\/wp-json\/wp\/v2\/media?parent=101"}],"curies":[{"name":"wp","href":"https:\/\/api.w.org\/{rel}","templated":true}]}}