{"id":123,"date":"2017-11-23T18:43:13","date_gmt":"2017-11-23T18:43:13","guid":{"rendered":"http:\/\/feysolnature.com\/?page_id=123"},"modified":"2021-09-17T07:24:05","modified_gmt":"2021-09-17T05:24:05","slug":"politica-calidad","status":"publish","type":"page","link":"https:\/\/feysolnature.com\/en\/calidad\/politica-calidad\/","title":{"rendered":"QUALITY POLICY"},"content":{"rendered":"[vc_row][vc_column][\/vc_column][\/vc_row][vc_row][vc_column width=&#8221;1\/3&#8243;][vc_custom_heading text=&#8221;POL\u00cdTICA DE CALIDAD&#8221; font_container=&#8221;tag:h2|font_size:24px|text_align:left|color:%23000000&#8243; google_fonts=&#8221;font_family:Lato%3A100%2C100italic%2C300%2C300italic%2Cregular%2Citalic%2C700%2C700italic%2C900%2C900italic|font_style:700%20bold%20regular%3A700%3Anormal&#8221;][vc_empty_space][vc_column_text]En FEYSOL NATURE estamos comprometidos con la completa satisfacci\u00f3n de nuestros clientes, mediante la excelencia en servicio y seguridad alimentaria de los productos. Entendida como excelencia desde la calidad t\u00e9cnica de nuestros productos hasta que los mismos llegan a su destino. Este compromiso nos conduce a la m\u00e1xima confianza con nuestros clientes, cumpliendo los compromisos adquiridos, y capacidad de adaptaci\u00f3n, as\u00ed como flexibilidad a las necesidades particulares de cada uno.<\/p>\n<p>En definitiva, una pol\u00edtica que fomenta valores tales como la confianza, lealtad y honestidad, que asegura el \u00e9xito corporativo.<\/p>\n<p>Cabe destacar nuestra defensa y respeto del Medio Ambiente, haciendo especial hincapi\u00e9 en la gesti\u00f3n sostenible de los recursos medioambientales.[\/vc_column_text][\/vc_column][vc_column width=&#8221;2\/3&#8243;][vc_single_image image=&#8221;1847&#8243; img_size=&#8221;large&#8221;][\/vc_column][\/vc_row]","protected":false},"excerpt":{"rendered":"<p>[vc_row][vc_column][\/vc_column][\/vc_row][vc_row][vc_column width=&#8221;1\/3&#8243;][vc_custom_heading text=&#8221;POL\u00cdTICA DE CALIDAD&#8221; font_container=&#8221;tag:h2|font_size:24px|text_align:left|color:%23000000&#8243; google_fonts=&#8221;font_family:Lato%3A100%2C100italic%2C300%2C300italic%2Cregular%2Citalic%2C700%2C700italic%2C900%2C900italic|font_style:700%20bold%20regular%3A700%3Anormal&#8221;][vc_empty_space][vc_column_text]En FEYSOL NATURE estamos comprometidos con la completa satisfacci\u00f3n de nuestros clientes, mediante la excelencia en servicio y seguridad alimentaria de los productos. Entendida como excelencia desde la calidad t\u00e9cnica de nuestros productos hasta&hellip;<\/p>\n","protected":false},"author":2,"featured_media":0,"parent":28,"menu_order":2,"comment_status":"closed","ping_status":"closed","template":"","meta":{"footnotes":""},"class_list":["post-123","page","type-page","status-publish","hentry","entry","no-media"],"_links":{"self":[{"href":"https:\/\/feysolnature.com\/en\/wp-json\/wp\/v2\/pages\/123","targetHints":{"allow":["GET"]}}],"collection":[{"href":"https:\/\/feysolnature.com\/en\/wp-json\/wp\/v2\/pages"}],"about":[{"href":"https:\/\/feysolnature.com\/en\/wp-json\/wp\/v2\/types\/page"}],"author":[{"embeddable":true,"href":"https:\/\/feysolnature.com\/en\/wp-json\/wp\/v2\/users\/2"}],"replies":[{"embeddable":true,"href":"https:\/\/feysolnature.com\/en\/wp-json\/wp\/v2\/comments?post=123"}],"version-history":[{"count":12,"href":"https:\/\/feysolnature.com\/en\/wp-json\/wp\/v2\/pages\/123\/revisions"}],"predecessor-version":[{"id":1848,"href":"https:\/\/feysolnature.com\/en\/wp-json\/wp\/v2\/pages\/123\/revisions\/1848"}],"up":[{"embeddable":true,"href":"https:\/\/feysolnature.com\/en\/wp-json\/wp\/v2\/pages\/28"}],"wp:attachment":[{"href":"https:\/\/feysolnature.com\/en\/wp-json\/wp\/v2\/media?parent=123"}],"curies":[{"name":"wp","href":"https:\/\/api.w.org\/{rel}","templated":true}]}}