{"id":32,"date":"2017-11-23T16:18:15","date_gmt":"2017-11-23T16:18:15","guid":{"rendered":"http:\/\/feysolnature.com\/?page_id=32"},"modified":"2021-01-22T11:50:05","modified_gmt":"2021-01-22T09:50:05","slug":"contacto","status":"publish","type":"page","link":"https:\/\/feysolnature.com\/ar\/contacto\/","title":{"rendered":"\u0627\u062a\u0635\u0644 \u0628\u0646\u0627"},"content":{"rendered":"[\/vc_column_text][\/vc_column][\/vc_row][vc_row][vc_column][\/vc_column][\/vc_row][vc_row visibility=&#8221;visible-desktop&#8221;][vc_column width=&#8221;1\/3&#8243;][vc_custom_heading text=&#8221;\u0627\u062a\u0635\u0644 \u0628\u0646\u0627&#8221; font_container=&#8221;tag:h2|font_size:24px|text_align:left|color:%23000000&#8243; google_fonts=&#8221;font_family:Lato%3A100%2C100italic%2C300%2C300italic%2Cregular%2Citalic%2C700%2C700italic%2C900%2C900italic|font_style:700%20bold%20regular%3A700%3Anormal&#8221;][vc_empty_space][vc_widget_sidebar sidebar_id=&#8221;contacto&#8221;]\n<div class=\"wpcf7 no-js\" id=\"wpcf7-f1193-o4\" lang=\"es-ES\" dir=\"ltr\" data-wpcf7-id=\"1193\">\n<div class=\"screen-reader-response\"><p role=\"status\" aria-live=\"polite\" aria-atomic=\"true\"><\/p> <ul><\/ul><\/div>\n<form action=\"\/ar\/wp-json\/wp\/v2\/pages\/32#wpcf7-f1193-o4\" method=\"post\" class=\"wpcf7-form init\" aria-label=\"Formulario de contacto\" novalidate=\"novalidate\" data-status=\"init\">\n<fieldset class=\"hidden-fields-container\"><input type=\"hidden\" name=\"_wpcf7\" value=\"1193\" \/><input type=\"hidden\" name=\"_wpcf7_version\" value=\"6.1.3\" \/><input type=\"hidden\" name=\"_wpcf7_locale\" value=\"es_ES\" \/><input type=\"hidden\" name=\"_wpcf7_unit_tag\" value=\"wpcf7-f1193-o4\" \/><input type=\"hidden\" name=\"_wpcf7_container_post\" value=\"0\" \/><input type=\"hidden\" name=\"_wpcf7_posted_data_hash\" value=\"\" \/>\n<\/fieldset>\n<p><span class=\"wpcf7-form-control-wrap\" data-name=\"nombre\"><input size=\"40\" maxlength=\"400\" class=\"wpcf7-form-control wpcf7-text wpcf7-validates-as-required\" aria-required=\"true\" aria-invalid=\"false\" placeholder=\"\u0627\u0633\u0645\" value=\"\" type=\"text\" name=\"nombre\" \/><\/span><br \/>\n<span class=\"wpcf7-form-control-wrap\" data-name=\"apellidos\"><input size=\"40\" maxlength=\"400\" class=\"wpcf7-form-control wpcf7-text wpcf7-validates-as-required\" aria-required=\"true\" aria-invalid=\"false\" placeholder=\"\u0627\u0644\u0623\u0644\u0642\u0627\u0628\" value=\"\" type=\"text\" name=\"apellidos\" \/><\/span><br \/>\n<span class=\"wpcf7-form-control-wrap\" data-name=\"empresa\"><input size=\"40\" maxlength=\"400\" class=\"wpcf7-form-control wpcf7-text wpcf7-validates-as-required\" aria-required=\"true\" aria-invalid=\"false\" placeholder=\"\u0634\u0631\u0643\u0629\" value=\"\" type=\"text\" name=\"empresa\" \/><\/span><br \/>\n<span class=\"wpcf7-form-control-wrap\" data-name=\"direccion\"><input size=\"40\" maxlength=\"400\" class=\"wpcf7-form-control wpcf7-text wpcf7-validates-as-required\" aria-required=\"true\" aria-invalid=\"false\" placeholder=\"\u0639\u0646\u0648\u0627\u0646\" value=\"\" type=\"text\" name=\"direccion\" \/><\/span><br \/>\n<span class=\"wpcf7-form-control-wrap\" data-name=\"telefono\"><input size=\"40\" maxlength=\"400\" class=\"wpcf7-form-control wpcf7-tel wpcf7-text wpcf7-validates-as-tel\" aria-invalid=\"false\" placeholder=\"\u0647\u0627\u062a\u0641\" value=\"\" type=\"tel\" name=\"telefono\" \/><\/span><br \/>\n<span class=\"wpcf7-form-control-wrap\" data-name=\"mail\"><input size=\"40\" maxlength=\"400\" class=\"wpcf7-form-control wpcf7-email wpcf7-validates-as-required wpcf7-text wpcf7-validates-as-email\" aria-required=\"true\" aria-invalid=\"false\" placeholder=\"\u0639\u0646\u0648\u0627\u0646 \u0627\u0644\u0628\u0631\u064a\u062f \u0627\u0644\u0627\u0644\u0643\u062a\u0631\u0648\u0646\u064a\" value=\"\" type=\"email\" name=\"mail\" \/><\/span><br \/>\n<span class=\"wpcf7-form-control-wrap\" data-name=\"asunto\"><textarea cols=\"40\" rows=\"10\" maxlength=\"2000\" class=\"wpcf7-form-control wpcf7-textarea\" aria-invalid=\"false\" placeholder=\"\u0631\u0633\u0627\u0644\u0629\" name=\"asunto\"><\/textarea><\/span><br \/>\n<span class=\"en_linea\"><span class=\"wpcf7-form-control-wrap\" data-name=\"acceptance-116\"><span class=\"wpcf7-form-control wpcf7-acceptance\"><span class=\"wpcf7-list-item\"><input type=\"checkbox\" name=\"acceptance-116\" value=\"1\" aria-invalid=\"false\" \/><\/span><\/span><\/span> \u0627\u0645\u0646\u062d \u0645\u0648\u0627\u0641\u0642\u062a\u0643 \u0644\u0644\u062a\u0648\u0635\u0644 \u0628\u0645\u0639\u0644\u0648\u0645\u0627\u062a \u062d\u0648\u0644 Feysol Nature \u0648\u0645\u0646\u062a\u062c\u0627\u062a\u0647\u0627.<\/span>\n<\/p>\n<p><span class=\"en_linea\">\u0623\u062f\u062e\u0644 \u062d\u0631\u0648\u0641 \u0627\u0644\u062a\u062d\u0642\u0642 \u0627\u0644\u062a\u0627\u0644\u064a\u0629. \u0625\u0631\u0633\u0627\u0644.<br \/>\n<input type=\"hidden\" name=\"_wpcf7_captcha_challenge_captcha-1\" value=\"106622709\" \/><img loading=\"lazy\" decoding=\"async\" class=\"wpcf7-form-control wpcf7-captchac wpcf7-captcha-captcha-1\" width=\"72\" height=\"24\" alt=\"captcha\" src=\"https:\/\/feysolnature.com\/wp-content\/uploads\/wpcf7_captcha\/106622709.png\" \/> <span class=\"wpcf7-form-control-wrap\" data-name=\"captcha-1\"><input size=\"40\" class=\"wpcf7-form-control wpcf7-captchar\" autocomplete=\"off\" aria-invalid=\"false\" value=\"\" type=\"text\" name=\"captcha-1\" \/><\/span><\/span><br \/>\n<input class=\"wpcf7-form-control wpcf7-submit has-spinner\" type=\"submit\" value=\"ENVIAR\" \/>\n<\/p><p style=\"display: none !important;\" class=\"akismet-fields-container\" data-prefix=\"_wpcf7_ak_\"><label>&#916;<textarea name=\"_wpcf7_ak_hp_textarea\" cols=\"45\" rows=\"8\" maxlength=\"100\"><\/textarea><\/label><input type=\"hidden\" id=\"ak_js_4\" name=\"_wpcf7_ak_js\" value=\"104\"\/><script>document.getElementById( \"ak_js_4\" ).setAttribute( \"value\", ( new Date() ).getTime() );<\/script><\/p><div class=\"wpcf7-response-output\" aria-hidden=\"true\"><\/div>\n<\/form>\n<\/div>\n[\/vc_column][vc_column width=&#8221;2\/3&#8243;][vc_row_inner][vc_column_inner width=&#8221;1\/6&#8243;][\/vc_column_inner][vc_column_inner width=&#8221;5\/6&#8243;][vc_gmaps link=&#8221;#E-8_JTNDaWZyYW1lJTIwc3JjJTNEJTIyaHR0cHMlM0ElMkYlMkZ3d3cuZ29vZ2xlLmNvbSUyRm1hcHMlMkZlbWJlZCUzRnBiJTNEJTIxMW0xOCUyMTFtMTIlMjExbTMlMjExZDMxODIuOTQzOTkzNDc1NTIlMjEyZC0zLjc3ODM2OTU4NDI4NDMxNiUyMTNkMzcuMDgyNjQwNzc5ODkxNDElMjEybTMlMjExZjAlMjEyZjAlMjEzZjAlMjEzbTIlMjExaTEwMjQlMjEyaTc2OCUyMTRmMTMuMSUyMTNtMyUyMTFtMiUyMTFzMHhkNzAzNDU2Y2I4MzJlOGYlMjUzQTB4YTM3MmI4YjE4NGM5MzA2ZCUyMTJzRmV5c29sJTJCTmF0dXJlJTIxNWUwJTIxM20yJTIxMXNlcyUyMTJzZXMlMjE0djE1MTI2NTU5NjU2NTUlMjIlMjB3aWR0aCUzRCUyMjYwMCUyMiUyMGhlaWdodCUzRCUyMjQ1MCUyMiUyMGZyYW1lYm9yZGVyJTNEJTIyMCUyMiUyMHN0eWxlJTNEJTIyYm9yZGVyJTNBMCUyMiUyMGFsbG93ZnVsbHNjcmVlbiUzRSUzQyUyRmlmcmFtZSUzRQ==&#8221;][vc_empty_space][vc_column_text]\n<p>C\u00d3MO LLEGAR<\/p>\n<p>\u0627\u0644\u0627\u062d\u062f\u0627\u062b\u064a\u0627\u062a: GPS: 3\u00ba46&#8217;33&#8221; W, 37\u00ba4&#8217;55&#8221; N<\/p>\n<p>\u0645\u0646 \u063a\u0631\u0646\u0627\u0637\u0629<br \/>\n&#8211; \u062e\u0630 \u0627\u0644\u0637\u0631\u064a\u0642 A-44 \u0646\u062d\u0648 \u0623\u0631\u0645\u064a\u0644\u0627 \/ \u0645\u0648\u062a\u0631\u064a\u0644.<br \/>\n&#8211;\u00a0\u062e\u0630 \u0627\u0644\u0645\u062e\u0631\u062c 139 \u0628\u0627\u062a\u062c\u0627\u0647 \u0623\u0648\u062a\u0648\u0631\u0627 \/ \u0644\u0645\u0627\u0644\u0627\u0647\u0627.<br \/>\n&#8211;\u00a0\u0648\u0627\u0635\u0644 \u0628\u0627\u0644\u0623\u0645\u0627\u0645.<br \/>\n&#8211;\u00a0\u0639\u0646\u062f \u0645\u0644\u062a\u0642\u0649 \u0627\u0644\u0637\u0631\u0642\u060c \u062e\u0630 \u0627\u0644\u0645\u062e\u0631\u062c \u0627\u0644\u0623\u0648\u0644 \u0628\u0627\u062a\u062c\u0627\u0647 \u0644\u0627\u0645\u0627\u0644\u0627\u0647\u0627 \/ \u0637\u0631\u064a\u0642 \u0628\u064a\u0644\u0646- \u0645\u0648\u062a\u0631\u064a\u0644 \u00a0N-323A \/ A-385.<br \/>\n&#8211; \u0627\u062a\u0628\u0639 \u0627\u0644\u0637\u0631\u064a\u0642 9 \u0643\u0645.<br \/>\n&#8211; \u0639\u0646\u062f \u0645\u0644\u062a\u0642\u0649 \u0627\u0644\u0637\u0631\u0642\u060c \u062e\u0630 \u0627\u0644\u0645\u062e\u0631\u062c \u0627\u0644\u062b\u0627\u0644\u062b \u0628\u0627\u062a\u062c\u0627\u0647 \u0641\u064a\u0646\u062a\u0627\u0633 \u062f\u064a \u0647\u064a\u0644\u0645\u0627 \/ A-338.<br \/>\n&#8211; \u0627\u062a\u0628\u0639 \u0627\u0644\u0637\u0631\u064a\u0642 \u0627\u0644\u062c\u0627\u0646\u0628\u064a\u060c \u0641\u064a \u0645\u0644\u062a\u0642\u0649 \u0627\u0644\u0637\u0631\u0642 \u0627\u0644\u062b\u0627\u0646\u064a \u062e\u0630 \u0627\u0644\u0645\u062e\u0631\u062c \u0627\u0644\u0623\u0648\u0644.<br \/>\n&#8211; \u0627\u0644\u0645\u0635\u0646\u0639 \u0645\u0648\u062c\u0648\u062f \u0639\u0644\u0649 \u0627\u0644\u064a\u0633\u0627\u0631.[\/vc_column_text][\/vc_column_inner][\/vc_row_inner][\/vc_column][\/vc_row][vc_row][vc_column][vc_column_text]Sus datos ser\u00e1n tratados por FEYSOL NATURE, S.L. (B18718411) con domicilio en P.I. Parque Metropolitano, C\/ Rubiales n\u00ba 7 y 9, Escuzar (18130-Granada) con el fin de resolver la cuesti\u00f3n que nos plantee.<\/p>\n<p>Los datos ser\u00e1n borrados una vez concluida la finalidad informativa del presente formulario y no se ceder\u00e1n a terceros salvo en los casos en que exista una obligaci\u00f3n legal. Usted tiene derecho a acceder a sus datos personales, rectificar los datos inexactos, solicitar su supresi\u00f3n cuando los datos ya no sean necesarios para los fines que fueron recogidos, o de limitar su tratamiento, a trav\u00e9s de una comunicaci\u00f3n a la direcci\u00f3n postal o a trav\u00e9s de la direcci\u00f3n de correo electr\u00f3nico info@feysolnature.com.[\/vc_column_text][\/vc_column][\/vc_row][vc_row][vc_column][vc_column_text][\/vc_column_text][\/vc_column][\/vc_row][vc_row][vc_column][vc_column_text]CONTACT[\/vc_column_text][\/vc_column][\/vc_row]","protected":false},"excerpt":{"rendered":"<p>[\/vc_column_text][\/vc_column][\/vc_row][vc_row][vc_column][\/vc_column][\/vc_row][vc_row visibility=&#8221;visible-desktop&#8221;][vc_column width=&#8221;1\/3&#8243;][vc_custom_heading text=&#8221;\u0627\u062a\u0635\u0644 \u0628\u0646\u0627&#8221; font_container=&#8221;tag:h2|font_size:24px|text_align:left|color:%23000000&#8243; google_fonts=&#8221;font_family:Lato%3A100%2C100italic%2C300%2C300italic%2Cregular%2Citalic%2C700%2C700italic%2C900%2C900italic|font_style:700%20bold%20regular%3A700%3Anormal&#8221;][vc_empty_space][vc_widget_sidebar sidebar_id=&#8221;contacto&#8221;][\/vc_column][vc_column width=&#8221;2\/3&#8243;][vc_row_inner][vc_column_inner width=&#8221;1\/6&#8243;][\/vc_column_inner][vc_column_inner width=&#8221;5\/6&#8243;][vc_gmaps link=&#8221;#E-8_JTNDaWZyYW1lJTIwc3JjJTNEJTIyaHR0cHMlM0ElMkYlMkZ3d3cuZ29vZ2xlLmNvbSUyRm1hcHMlMkZlbWJlZCUzRnBiJTNEJTIxMW0xOCUyMTFtMTIlMjExbTMlMjExZDMxODIuOTQzOTkzNDc1NTIlMjEyZC0zLjc3ODM2OTU4NDI4NDMxNiUyMTNkMzcuMDgyNjQwNzc5ODkxNDElMjEybTMlMjExZjAlMjEyZjAlMjEzZjAlMjEzbTIlMjExaTEwMjQlMjEyaTc2OCUyMTRmMTMuMSUyMTNtMyUyMTFtMiUyMTFzMHhkNzAzNDU2Y2I4MzJlOGYlMjUzQTB4YTM3MmI4YjE4NGM5MzA2ZCUyMTJzRmV5c29sJTJCTmF0dXJlJTIxNWUwJTIxM20yJTIxMXNlcyUyMTJzZXMlMjE0djE1MTI2NTU5NjU2NTUlMjIlMjB3aWR0aCUzRCUyMjYwMCUyMiUyMGhlaWdodCUzRCUyMjQ1MCUyMiUyMGZyYW1lYm9yZGVyJTNEJTIyMCUyMiUyMHN0eWxlJTNEJTIyYm9yZGVyJTNBMCUyMiUyMGFsbG93ZnVsbHNjcmVlbiUzRSUzQyUyRmlmcmFtZSUzRQ==&#8221;][vc_empty_space][vc_column_text] C\u00d3MO LLEGAR \u0627\u0644\u0627\u062d\u062f\u0627\u062b\u064a\u0627\u062a: GPS: 3\u00ba46&#8217;33&#8221; W, 37\u00ba4&#8217;55&#8221; N \u0645\u0646 \u063a\u0631\u0646\u0627\u0637\u0629 &#8211; \u062e\u0630 \u0627\u0644\u0637\u0631\u064a\u0642 A-44 \u0646\u062d\u0648 \u0623\u0631\u0645\u064a\u0644\u0627 \/ \u0645\u0648\u062a\u0631\u064a\u0644. &#8211;\u00a0\u062e\u0630 \u0627\u0644\u0645\u062e\u0631\u062c 139 \u0628\u0627\u062a\u062c\u0627\u0647 \u0623\u0648\u062a\u0648\u0631\u0627 \/ \u0644\u0645\u0627\u0644\u0627\u0647\u0627. &#8211;\u00a0\u0648\u0627\u0635\u0644 \u0628\u0627\u0644\u0623\u0645\u0627\u0645. &#8211;\u00a0\u0639\u0646\u062f&hellip;<\/p>\n","protected":false},"author":2,"featured_media":0,"parent":0,"menu_order":6,"comment_status":"closed","ping_status":"closed","template":"","meta":{"footnotes":""},"class_list":["post-32","page","type-page","status-publish","hentry","entry","no-media"],"_links":{"self":[{"href":"https:\/\/feysolnature.com\/ar\/wp-json\/wp\/v2\/pages\/32","targetHints":{"allow":["GET"]}}],"collection":[{"href":"https:\/\/feysolnature.com\/ar\/wp-json\/wp\/v2\/pages"}],"about":[{"href":"https:\/\/feysolnature.com\/ar\/wp-json\/wp\/v2\/types\/page"}],"author":[{"embeddable":true,"href":"https:\/\/feysolnature.com\/ar\/wp-json\/wp\/v2\/users\/2"}],"replies":[{"embeddable":true,"href":"https:\/\/feysolnature.com\/ar\/wp-json\/wp\/v2\/comments?post=32"}],"version-history":[{"count":49,"href":"https:\/\/feysolnature.com\/ar\/wp-json\/wp\/v2\/pages\/32\/revisions"}],"predecessor-version":[{"id":1762,"href":"https:\/\/feysolnature.com\/ar\/wp-json\/wp\/v2\/pages\/32\/revisions\/1762"}],"wp:attachment":[{"href":"https:\/\/feysolnature.com\/ar\/wp-json\/wp\/v2\/media?parent=32"}],"curies":[{"name":"wp","href":"https:\/\/api.w.org\/{rel}","templated":true}]}}